{"id":7944,"date":"2020-10-08T14:08:54","date_gmt":"2020-10-08T14:08:54","guid":{"rendered":"https:\/\/designerdogs.nl\/ueber-uns\/"},"modified":"2023-07-04T11:24:35","modified_gmt":"2023-07-04T11:24:35","slug":"ueber-uns","status":"publish","type":"page","link":"https:\/\/designerdogs.nl\/de\/ueber-uns\/","title":{"rendered":"\u00dcber uns"},"content":{"rendered":"\t\t<div data-elementor-type=\"wp-page\" data-elementor-id=\"7944\" class=\"elementor elementor-7944 elementor-14\" data-elementor-post-type=\"page\">\n\t\t\t\t\t\t<section class=\"elementor-section elementor-top-section elementor-element elementor-element-da15f6c elementor-section-boxed elementor-section-height-default elementor-section-height-default\" data-id=\"da15f6c\" data-element_type=\"section\" data-e-type=\"section\" data-settings=\"{&quot;background_background&quot;:&quot;classic&quot;}\">\n\t\t\t\t\t\t<div class=\"elementor-container elementor-column-gap-default\">\n\t\t\t\t\t<div class=\"elementor-column elementor-col-100 elementor-top-column elementor-element elementor-element-67a6cf3\" data-id=\"67a6cf3\" data-element_type=\"column\" data-e-type=\"column\">\n\t\t\t<div class=\"elementor-widget-wrap elementor-element-populated\">\n\t\t\t\t\t\t<div class=\"elementor-element elementor-element-4a463de elementor-widget elementor-widget-heading\" data-id=\"4a463de\" data-element_type=\"widget\" data-e-type=\"widget\" data-widget_type=\"heading.default\">\n\t\t\t\t<div class=\"elementor-widget-container\">\n\t\t\t\t\t<h2 class=\"elementor-heading-title elementor-size-default\">\u00dcber uns<\/h2>\t\t\t\t<\/div>\n\t\t\t\t<\/div>\n\t\t\t\t<div class=\"elementor-element elementor-element-0bd5ac4 elementor-widget-divider--view-line elementor-widget elementor-widget-divider\" data-id=\"0bd5ac4\" data-element_type=\"widget\" data-e-type=\"widget\" data-widget_type=\"divider.default\">\n\t\t\t\t<div class=\"elementor-widget-container\">\n\t\t\t\t\t\t\t<div class=\"elementor-divider\">\n\t\t\t<span class=\"elementor-divider-separator\">\n\t\t\t\t\t\t<\/span>\n\t\t<\/div>\n\t\t\t\t\t\t<\/div>\n\t\t\t\t<\/div>\n\t\t\t\t\t<\/div>\n\t\t<\/div>\n\t\t\t\t\t<\/div>\n\t\t<\/section>\n\t\t\t\t<section class=\"elementor-section elementor-top-section elementor-element elementor-element-fb50bc2 elementor-section-boxed elementor-section-height-default elementor-section-height-default\" data-id=\"fb50bc2\" data-element_type=\"section\" data-e-type=\"section\" data-settings=\"{&quot;background_background&quot;:&quot;classic&quot;}\">\n\t\t\t\t\t\t<div class=\"elementor-container elementor-column-gap-default\">\n\t\t\t\t\t<div class=\"elementor-column elementor-col-50 elementor-top-column elementor-element elementor-element-171b570\" data-id=\"171b570\" data-element_type=\"column\" data-e-type=\"column\" data-settings=\"{&quot;background_background&quot;:&quot;classic&quot;}\">\n\t\t\t<div class=\"elementor-widget-wrap elementor-element-populated\">\n\t\t\t\t\t\t<div class=\"elementor-element elementor-element-9520e2f elementor-widget elementor-widget-image\" data-id=\"9520e2f\" data-element_type=\"widget\" data-e-type=\"widget\" data-widget_type=\"image.default\">\n\t\t\t\t<div class=\"elementor-widget-container\">\n\t\t\t\t\t\t\t\t\t\t\t\t\t\t\t<img fetchpriority=\"high\" decoding=\"async\" width=\"800\" height=\"534\" src=\"https:\/\/designerdogs.nl\/wp-content\/uploads\/2020\/10\/maltipoo2-1024x683.jpg\" class=\"attachment-large size-large wp-image-5410\" alt=\"\" srcset=\"https:\/\/designerdogs.nl\/wp-content\/uploads\/2020\/10\/maltipoo2-1024x683.jpg 1024w, https:\/\/designerdogs.nl\/wp-content\/uploads\/2020\/10\/maltipoo2-300x200.jpg 300w, https:\/\/designerdogs.nl\/wp-content\/uploads\/2020\/10\/maltipoo2-768x512.jpg 768w, https:\/\/designerdogs.nl\/wp-content\/uploads\/2020\/10\/maltipoo2-1536x1024.jpg 1536w, https:\/\/designerdogs.nl\/wp-content\/uploads\/2020\/10\/maltipoo2-2048x1365.jpg 2048w\" sizes=\"(max-width: 800px) 100vw, 800px\" \/>\t\t\t\t\t\t\t\t\t\t\t\t\t\t\t<\/div>\n\t\t\t\t<\/div>\n\t\t\t\t\t<\/div>\n\t\t<\/div>\n\t\t\t\t<div class=\"elementor-column elementor-col-50 elementor-top-column elementor-element elementor-element-4def979\" data-id=\"4def979\" data-element_type=\"column\" data-e-type=\"column\">\n\t\t\t<div class=\"elementor-widget-wrap elementor-element-populated\">\n\t\t\t\t\t\t<div class=\"elementor-element elementor-element-1410e8e elementor-widget elementor-widget-text-editor\" data-id=\"1410e8e\" data-element_type=\"widget\" data-e-type=\"widget\" data-widget_type=\"text-editor.default\">\n\t\t\t\t<div class=\"elementor-widget-container\">\n\t\t\t\t\t\t\t\t\t<p><span style=\"text-align: center;\">Es ist uns wichtig, dass unsere Welpen in einer sauberen und hygienischen Umgebung aufwachsen, denn so wird der Grundstein f\u00fcr einen gesunden Welpen gelegt, der schnell stubenrein wird.<\/span><\/p>\n<p>Unsere Welpen sind nach Plan geimpft und entwurmt. Die Entwurmung wird bei uns alle 2 Wochen durchgef\u00fchrt, bis die Welpen 8 Wochen alt sind, dann d\u00fcrfen sie den Wurf verlassen und zu ihren neuen Besitzern gehen. Jeder Welpe wird von unserem Tierarzt gr\u00fcndlich untersucht, so dass wir sicher sein k\u00f6nnen, dass Sie einen guten und gesunden Welpen bekommen.<\/p>\n<p>Die Welpen werden vor dem Alter von 7 Wochen mit einem Mikrochip versehen und beim RVO registriert. Dies ist seit dem 1. April 2013 verpflichtend. Jeder Welpe hat einen europ\u00e4ischen Tierpass.<\/p>\n<p>Wir legen gro\u00dfen Wert auf die Sozialisierung unserer Welpen Dies spielt eine wichtige Rolle bei der Aufzucht eines Welpen. So sorgen wir daf\u00fcr, dass der Welpe einen guten Start in seiner neuen Umgebung bei seinen neuen Besitzern hat.<\/p>\n<p>Wenn Sie einen Welpen kaufen, erhalten Sie durch einen Kaufvertrag eine schriftliche Garantie, die den niederl\u00e4ndischen Rechtsvorschriften entspricht. <\/p>\n<p>Hygiene und Gesundheit haben f\u00fcr uns oberste Priorit\u00e4t. Wir lassen keine Fremden durch unseren Zwinger laufen, da die Mutterh\u00fcndin dadurch sehr unruhig wird und sich auf die jungen Welpen st\u00fcrzen kann. Sie k\u00f6nnen auch Viren und Bakterien von drau\u00dfen einschleppen, die unsere Hunde krank machen k\u00f6nnen. Aus diesem Grund arbeiten wir nur nach Vereinbarung. Waren Sie bereits in einem anderen Zwinger? Dann kommen Sie bitte wegen des Kontaminationsrisikos ein anderes Mal wieder.<\/p>\n<p>Auf unserer Website k\u00f6nnen Sie mehr \u00fcber die Rassen, die wir verkaufen, und Informationen \u00fcber die Rasse selbst finden. F\u00fcr Fragen und Informationen k\u00f6nnen Sie uns jederzeit telefonisch kontaktieren. Wir helfen Ihnen gerne bei der Auswahl des Hundes, der am besten zu Ihnen passt.<\/p>\n<p>Nach dem Kauf eines Welpen k\u00f6nnen Sie sich jederzeit an uns wenden, wenn Sie Fragen zu Verhalten, Gesundheit, Ern\u00e4hrung usw. haben. Au\u00dferdem genie\u00dfen wir es sehr, \u00fcber unsere Hunde auf dem Laufenden zu bleiben. Wir erhalten regelm\u00e4\u00dfig sch\u00f6ne Fotos und Videos und sind stolz darauf, sie anzusehen!<\/p>\n\t\t\t\t\t\t\t\t<\/div>\n\t\t\t\t<\/div>\n\t\t\t\t<div class=\"elementor-element elementor-element-5d1f744 elementor-widget__width-auto elementor-fixed elementor-widget elementor-widget-button\" data-id=\"5d1f744\" data-element_type=\"widget\" data-e-type=\"widget\" data-settings=\"{&quot;_position&quot;:&quot;fixed&quot;}\" data-widget_type=\"button.default\">\n\t\t\t\t<div class=\"elementor-widget-container\">\n\t\t\t\t\t\t\t\t\t<div class=\"elementor-button-wrapper\">\n\t\t\t\t\t<a class=\"elementor-button elementor-button-link elementor-size-md elementor-animation-grow\" href=\"tel:+31620556586\">\n\t\t\t\t\t\t<span class=\"elementor-button-content-wrapper\">\n\t\t\t\t\t\t<span class=\"elementor-button-icon\">\n\t\t\t\t<i aria-hidden=\"true\" class=\"fas fa-phone\"><\/i>\t\t\t<\/span>\n\t\t\t\t\t\t\t\t\t<span class=\"elementor-button-text\">Rufen Sie mich an<\/span>\n\t\t\t\t\t<\/span>\n\t\t\t\t\t<\/a>\n\t\t\t\t<\/div>\n\t\t\t\t\t\t\t\t<\/div>\n\t\t\t\t<\/div>\n\t\t\t\t\t<\/div>\n\t\t<\/div>\n\t\t\t\t\t<\/div>\n\t\t<\/section>\n\t\t\t\t<\/div>\n\t\t","protected":false},"excerpt":{"rendered":"<p>\u00dcber uns Es ist uns wichtig, dass unsere Welpen in einer sauberen und hygienischen Umgebung aufwachsen, denn so wird der Grundstein f\u00fcr einen gesunden Welpen gelegt, der schnell stubenrein wird. Unsere Welpen sind nach Plan geimpft und entwurmt. Die Entwurmung wird bei uns alle 2 Wochen durchgef\u00fchrt, bis die Welpen 8 Wochen alt sind, dann [&hellip;]<\/p>\n","protected":false},"author":1,"featured_media":0,"parent":0,"menu_order":0,"comment_status":"closed","ping_status":"closed","template":"","meta":{"_acf_changed":false,"footnotes":""},"class_list":["post-7944","page","type-page","status-publish","hentry"],"acf":[],"yoast_head":"<!-- This site is optimized with the Yoast SEO plugin v27.2 - https:\/\/yoast.com\/product\/yoast-seo-wordpress\/ -->\n<title>\u00dcber uns - Hondenpension De Warande<\/title>\n<meta name=\"robots\" content=\"index, follow, max-snippet:-1, max-image-preview:large, max-video-preview:-1\" \/>\n<link rel=\"canonical\" href=\"https:\/\/designerdogs.nl\/de\/ueber-uns\/\" \/>\n<meta property=\"og:locale\" content=\"de_DE\" \/>\n<meta property=\"og:type\" content=\"article\" \/>\n<meta property=\"og:title\" content=\"\u00dcber uns - Hondenpension De Warande\" \/>\n<meta property=\"og:description\" content=\"\u00dcber uns Es ist uns wichtig, dass unsere Welpen in einer sauberen und hygienischen Umgebung aufwachsen, denn so wird der Grundstein f\u00fcr einen gesunden Welpen gelegt, der schnell stubenrein wird. Unsere Welpen sind nach Plan geimpft und entwurmt. Die Entwurmung wird bei uns alle 2 Wochen durchgef\u00fchrt, bis die Welpen 8 Wochen alt sind, dann [&hellip;]\" \/>\n<meta property=\"og:url\" content=\"https:\/\/designerdogs.nl\/de\/ueber-uns\/\" \/>\n<meta property=\"og:site_name\" content=\"Hondenpension De Warande\" \/>\n<meta property=\"article:modified_time\" content=\"2023-07-04T11:24:35+00:00\" \/>\n<meta property=\"og:image\" content=\"https:\/\/designerdogs.nl\/wp-content\/uploads\/2020\/10\/maltipoo2-1024x683.jpg\" \/>\n<meta name=\"twitter:card\" content=\"summary_large_image\" \/>\n<meta name=\"twitter:label1\" content=\"Gesch\u00e4tzte Lesezeit\" \/>\n\t<meta name=\"twitter:data1\" content=\"3\u00a0Minuten\" \/>\n<script type=\"application\/ld+json\" class=\"yoast-schema-graph\">{\"@context\":\"https:\/\/schema.org\",\"@graph\":[{\"@type\":\"WebPage\",\"@id\":\"https:\/\/designerdogs.nl\/de\/ueber-uns\/\",\"url\":\"https:\/\/designerdogs.nl\/de\/ueber-uns\/\",\"name\":\"\u00dcber uns - Hondenpension De Warande\",\"isPartOf\":{\"@id\":\"https:\/\/designerdogs.nl\/de\/#website\"},\"primaryImageOfPage\":{\"@id\":\"https:\/\/designerdogs.nl\/de\/ueber-uns\/#primaryimage\"},\"image\":{\"@id\":\"https:\/\/designerdogs.nl\/de\/ueber-uns\/#primaryimage\"},\"thumbnailUrl\":\"https:\/\/designerdogs.nl\/wp-content\/uploads\/2020\/10\/maltipoo2-1024x683.jpg\",\"datePublished\":\"2020-10-08T14:08:54+00:00\",\"dateModified\":\"2023-07-04T11:24:35+00:00\",\"breadcrumb\":{\"@id\":\"https:\/\/designerdogs.nl\/de\/ueber-uns\/#breadcrumb\"},\"inLanguage\":\"de\",\"potentialAction\":[{\"@type\":\"ReadAction\",\"target\":[\"https:\/\/designerdogs.nl\/de\/ueber-uns\/\"]}]},{\"@type\":\"ImageObject\",\"inLanguage\":\"de\",\"@id\":\"https:\/\/designerdogs.nl\/de\/ueber-uns\/#primaryimage\",\"url\":\"https:\/\/designerdogs.nl\/wp-content\/uploads\/2020\/10\/maltipoo2-1024x683.jpg\",\"contentUrl\":\"https:\/\/designerdogs.nl\/wp-content\/uploads\/2020\/10\/maltipoo2-1024x683.jpg\"},{\"@type\":\"BreadcrumbList\",\"@id\":\"https:\/\/designerdogs.nl\/de\/ueber-uns\/#breadcrumb\",\"itemListElement\":[{\"@type\":\"ListItem\",\"position\":1,\"name\":\"Home\",\"item\":\"https:\/\/designerdogs.nl\/de\/\"},{\"@type\":\"ListItem\",\"position\":2,\"name\":\"\u00dcber uns\"}]},{\"@type\":\"WebSite\",\"@id\":\"https:\/\/designerdogs.nl\/de\/#website\",\"url\":\"https:\/\/designerdogs.nl\/de\/\",\"name\":\"Hondenpension De Warande\",\"description\":\"Cavapoo Cockapoo Maltipoo Boomiepoo Teckel Puppy&#039;s\",\"publisher\":{\"@id\":\"https:\/\/designerdogs.nl\/de\/#organization\"},\"potentialAction\":[{\"@type\":\"SearchAction\",\"target\":{\"@type\":\"EntryPoint\",\"urlTemplate\":\"https:\/\/designerdogs.nl\/de\/?s={search_term_string}\"},\"query-input\":{\"@type\":\"PropertyValueSpecification\",\"valueRequired\":true,\"valueName\":\"search_term_string\"}}],\"inLanguage\":\"de\"},{\"@type\":\"Organization\",\"@id\":\"https:\/\/designerdogs.nl\/de\/#organization\",\"name\":\"Hondenpension De Warande\",\"url\":\"https:\/\/designerdogs.nl\/de\/\",\"logo\":{\"@type\":\"ImageObject\",\"inLanguage\":\"de\",\"@id\":\"https:\/\/designerdogs.nl\/de\/#\/schema\/logo\/image\/\",\"url\":\"https:\/\/designerdogs.nl\/wp-content\/uploads\/2020\/10\/delogo-hondenpension.png\",\"contentUrl\":\"https:\/\/designerdogs.nl\/wp-content\/uploads\/2020\/10\/delogo-hondenpension.png\",\"width\":1728,\"height\":1091,\"caption\":\"Hondenpension De Warande\"},\"image\":{\"@id\":\"https:\/\/designerdogs.nl\/de\/#\/schema\/logo\/image\/\"}}]}<\/script>\n<!-- \/ Yoast SEO plugin. -->","yoast_head_json":{"title":"\u00dcber uns - Hondenpension De Warande","robots":{"index":"index","follow":"follow","max-snippet":"max-snippet:-1","max-image-preview":"max-image-preview:large","max-video-preview":"max-video-preview:-1"},"canonical":"https:\/\/designerdogs.nl\/de\/ueber-uns\/","og_locale":"de_DE","og_type":"article","og_title":"\u00dcber uns - Hondenpension De Warande","og_description":"\u00dcber uns Es ist uns wichtig, dass unsere Welpen in einer sauberen und hygienischen Umgebung aufwachsen, denn so wird der Grundstein f\u00fcr einen gesunden Welpen gelegt, der schnell stubenrein wird. Unsere Welpen sind nach Plan geimpft und entwurmt. Die Entwurmung wird bei uns alle 2 Wochen durchgef\u00fchrt, bis die Welpen 8 Wochen alt sind, dann [&hellip;]","og_url":"https:\/\/designerdogs.nl\/de\/ueber-uns\/","og_site_name":"Hondenpension De Warande","article_modified_time":"2023-07-04T11:24:35+00:00","og_image":[{"url":"https:\/\/designerdogs.nl\/wp-content\/uploads\/2020\/10\/maltipoo2-1024x683.jpg","type":"","width":"","height":""}],"twitter_card":"summary_large_image","twitter_misc":{"Gesch\u00e4tzte Lesezeit":"3\u00a0Minuten"},"schema":{"@context":"https:\/\/schema.org","@graph":[{"@type":"WebPage","@id":"https:\/\/designerdogs.nl\/de\/ueber-uns\/","url":"https:\/\/designerdogs.nl\/de\/ueber-uns\/","name":"\u00dcber uns - Hondenpension De Warande","isPartOf":{"@id":"https:\/\/designerdogs.nl\/de\/#website"},"primaryImageOfPage":{"@id":"https:\/\/designerdogs.nl\/de\/ueber-uns\/#primaryimage"},"image":{"@id":"https:\/\/designerdogs.nl\/de\/ueber-uns\/#primaryimage"},"thumbnailUrl":"https:\/\/designerdogs.nl\/wp-content\/uploads\/2020\/10\/maltipoo2-1024x683.jpg","datePublished":"2020-10-08T14:08:54+00:00","dateModified":"2023-07-04T11:24:35+00:00","breadcrumb":{"@id":"https:\/\/designerdogs.nl\/de\/ueber-uns\/#breadcrumb"},"inLanguage":"de","potentialAction":[{"@type":"ReadAction","target":["https:\/\/designerdogs.nl\/de\/ueber-uns\/"]}]},{"@type":"ImageObject","inLanguage":"de","@id":"https:\/\/designerdogs.nl\/de\/ueber-uns\/#primaryimage","url":"https:\/\/designerdogs.nl\/wp-content\/uploads\/2020\/10\/maltipoo2-1024x683.jpg","contentUrl":"https:\/\/designerdogs.nl\/wp-content\/uploads\/2020\/10\/maltipoo2-1024x683.jpg"},{"@type":"BreadcrumbList","@id":"https:\/\/designerdogs.nl\/de\/ueber-uns\/#breadcrumb","itemListElement":[{"@type":"ListItem","position":1,"name":"Home","item":"https:\/\/designerdogs.nl\/de\/"},{"@type":"ListItem","position":2,"name":"\u00dcber uns"}]},{"@type":"WebSite","@id":"https:\/\/designerdogs.nl\/de\/#website","url":"https:\/\/designerdogs.nl\/de\/","name":"Hondenpension De Warande","description":"Cavapoo Cockapoo Maltipoo Boomiepoo Teckel Puppy&#039;s","publisher":{"@id":"https:\/\/designerdogs.nl\/de\/#organization"},"potentialAction":[{"@type":"SearchAction","target":{"@type":"EntryPoint","urlTemplate":"https:\/\/designerdogs.nl\/de\/?s={search_term_string}"},"query-input":{"@type":"PropertyValueSpecification","valueRequired":true,"valueName":"search_term_string"}}],"inLanguage":"de"},{"@type":"Organization","@id":"https:\/\/designerdogs.nl\/de\/#organization","name":"Hondenpension De Warande","url":"https:\/\/designerdogs.nl\/de\/","logo":{"@type":"ImageObject","inLanguage":"de","@id":"https:\/\/designerdogs.nl\/de\/#\/schema\/logo\/image\/","url":"https:\/\/designerdogs.nl\/wp-content\/uploads\/2020\/10\/delogo-hondenpension.png","contentUrl":"https:\/\/designerdogs.nl\/wp-content\/uploads\/2020\/10\/delogo-hondenpension.png","width":1728,"height":1091,"caption":"Hondenpension De Warande"},"image":{"@id":"https:\/\/designerdogs.nl\/de\/#\/schema\/logo\/image\/"}}]}},"_links":{"self":[{"href":"https:\/\/designerdogs.nl\/de\/wp-json\/wp\/v2\/pages\/7944","targetHints":{"allow":["GET"]}}],"collection":[{"href":"https:\/\/designerdogs.nl\/de\/wp-json\/wp\/v2\/pages"}],"about":[{"href":"https:\/\/designerdogs.nl\/de\/wp-json\/wp\/v2\/types\/page"}],"author":[{"embeddable":true,"href":"https:\/\/designerdogs.nl\/de\/wp-json\/wp\/v2\/users\/1"}],"replies":[{"embeddable":true,"href":"https:\/\/designerdogs.nl\/de\/wp-json\/wp\/v2\/comments?post=7944"}],"version-history":[{"count":5,"href":"https:\/\/designerdogs.nl\/de\/wp-json\/wp\/v2\/pages\/7944\/revisions"}],"predecessor-version":[{"id":9886,"href":"https:\/\/designerdogs.nl\/de\/wp-json\/wp\/v2\/pages\/7944\/revisions\/9886"}],"wp:attachment":[{"href":"https:\/\/designerdogs.nl\/de\/wp-json\/wp\/v2\/media?parent=7944"}],"curies":[{"name":"wp","href":"https:\/\/api.w.org\/{rel}","templated":true}]}}