{"id":7983,"date":"2020-10-21T07:25:39","date_gmt":"2020-10-21T07:25:39","guid":{"rendered":"https:\/\/designerdogs.nl\/kavapoo\/"},"modified":"2024-08-31T11:11:42","modified_gmt":"2024-08-31T11:11:42","slug":"kavapoo","status":"publish","type":"page","link":"https:\/\/designerdogs.nl\/de\/kavapoo\/","title":{"rendered":"Cavapoo"},"content":{"rendered":"\t\t<div data-elementor-type=\"wp-page\" data-elementor-id=\"7983\" class=\"elementor elementor-7983 elementor-478\" data-elementor-post-type=\"page\">\n\t\t\t\t\t\t<section class=\"elementor-section elementor-top-section elementor-element elementor-element-168277c elementor-section-boxed elementor-section-height-default elementor-section-height-default\" data-id=\"168277c\" data-element_type=\"section\" data-e-type=\"section\" data-settings=\"{&quot;background_background&quot;:&quot;classic&quot;}\">\n\t\t\t\t\t\t<div class=\"elementor-container elementor-column-gap-default\">\n\t\t\t\t\t<div class=\"elementor-column elementor-col-50 elementor-top-column elementor-element elementor-element-03bbfa8\" data-id=\"03bbfa8\" data-element_type=\"column\" data-e-type=\"column\" data-settings=\"{&quot;background_background&quot;:&quot;classic&quot;}\">\n\t\t\t<div class=\"elementor-widget-wrap elementor-element-populated\">\n\t\t\t\t\t\t<div class=\"elementor-element elementor-element-e62fb5e elementor-widget elementor-widget-image\" data-id=\"e62fb5e\" data-element_type=\"widget\" data-e-type=\"widget\" data-widget_type=\"image.default\">\n\t\t\t\t<div class=\"elementor-widget-container\">\n\t\t\t\t\t\t\t\t\t\t\t\t\t\t\t<img fetchpriority=\"high\" decoding=\"async\" width=\"800\" height=\"612\" src=\"https:\/\/designerdogs.nl\/wp-content\/uploads\/2024\/08\/b3036a6d-bde4-4a04-8678-15be87d710ed-1024x783.jpeg\" class=\"attachment-large size-large wp-image-17166\" alt=\"Designerdogs Warande, Cavapoo welpen.\" srcset=\"https:\/\/designerdogs.nl\/wp-content\/uploads\/2024\/08\/b3036a6d-bde4-4a04-8678-15be87d710ed-1024x783.jpeg 1024w, https:\/\/designerdogs.nl\/wp-content\/uploads\/2024\/08\/b3036a6d-bde4-4a04-8678-15be87d710ed-300x229.jpeg 300w, https:\/\/designerdogs.nl\/wp-content\/uploads\/2024\/08\/b3036a6d-bde4-4a04-8678-15be87d710ed-768x587.jpeg 768w, https:\/\/designerdogs.nl\/wp-content\/uploads\/2024\/08\/b3036a6d-bde4-4a04-8678-15be87d710ed.jpeg 1179w\" sizes=\"(max-width: 800px) 100vw, 800px\" \/>\t\t\t\t\t\t\t\t\t\t\t\t\t\t\t<\/div>\n\t\t\t\t<\/div>\n\t\t\t\t\t<\/div>\n\t\t<\/div>\n\t\t\t\t<div class=\"elementor-column elementor-col-50 elementor-top-column elementor-element elementor-element-fea6963\" data-id=\"fea6963\" data-element_type=\"column\" data-e-type=\"column\">\n\t\t\t<div class=\"elementor-widget-wrap elementor-element-populated\">\n\t\t\t\t\t\t<div class=\"elementor-element elementor-element-0ae3ce2 elementor-widget elementor-widget-heading\" data-id=\"0ae3ce2\" data-element_type=\"widget\" data-e-type=\"widget\" data-widget_type=\"heading.default\">\n\t\t\t\t<div class=\"elementor-widget-container\">\n\t\t\t\t\t<h1 class=\"elementor-heading-title elementor-size-default\">Cavapoo<\/h1>\t\t\t\t<\/div>\n\t\t\t\t<\/div>\n\t\t\t\t<div class=\"elementor-element elementor-element-4a829d7 elementor-widget-divider--view-line elementor-widget elementor-widget-divider\" data-id=\"4a829d7\" data-element_type=\"widget\" data-e-type=\"widget\" data-widget_type=\"divider.default\">\n\t\t\t\t<div class=\"elementor-widget-container\">\n\t\t\t\t\t\t\t<div class=\"elementor-divider\">\n\t\t\t<span class=\"elementor-divider-separator\">\n\t\t\t\t\t\t<\/span>\n\t\t<\/div>\n\t\t\t\t\t\t<\/div>\n\t\t\t\t<\/div>\n\t\t\t\t<div class=\"elementor-element elementor-element-2236e0c elementor-widget elementor-widget-text-editor\" data-id=\"2236e0c\" data-element_type=\"widget\" data-e-type=\"widget\" data-widget_type=\"text-editor.default\">\n\t\t\t\t<div class=\"elementor-widget-container\">\n\t\t\t\t\t\t\t\t\t<p>Der Cavapoo ist eine sch\u00f6ne Kreuzung zwischen einem Cavalier King Charles Spaniel und einem Pudel.<br>Es gibt viele Generationen von Cavapoos, aber wir z\u00fcchten Cavapoos der ersten Generation (F1). Es handelt sich um eine direkte Kreuzung zwischen einem CKCS und einem Pudel (50% CKCS und 50% Pudel).<\/p>\n<p>Je nach Gr\u00f6\u00dfe des Pudels, der zur Zucht verwendet wird, k\u00f6nnen sie unterschiedlich gro\u00df sein. Wir kreuzen sowohl mit Toy- als auch mit Miniaturpudeln, je nach Gr\u00f6\u00dfe unserer Cavalier King Charles Spaniel-H\u00fcndin. Ein Cavapoo ist etwa 25 bis 30 Zentimeter gro\u00df und wiegt zwischen 6 und 11 kg.<\/p>\n<p>Es gibt sie in verschiedenen Farben; wir haben creme, gold, apricot, rot, partifarben, schwarz, dreifarbig und blenheim gez\u00fcchtet.<\/p>\n<p>Sie sind sehr weich, haben gro\u00dfe Augen und ein lockeres, gewelltes, \u00fcppiges Fell. Das Fell sollte regelm\u00e4\u00dfig gestriegelt werden, um Verfilzungen zu vermeiden. Das Fell des Cavapoos ist mittellang bis lang und hat eine weiche, flaumige Textur mit einem gewissen Grad an Wellen oder Locken. Das h\u00e4ngt davon ab, was der Welpe von seinen Eltern geerbt hat. Sie haaren nicht viel, wenn \u00fcberhaupt.<\/p>\n<p>Sie haben h\u00fcbsche runde Augen und eine niedliche kleine Nase. Sie sind die kuscheligsten der drei Rassen, auf die wir uns spezialisiert haben, und w\u00fcrden am liebsten den ganzen Tag mit Ihnen schmusen, wenn sie k\u00f6nnten!<\/p>\n<p>Diese Rasse ist wirklich ein Scho\u00dfhund! Sie lieben Streicheleinheiten, sind sehr loyal und sehr anh\u00e4nglich. Sie sind leichtlebig. Sie sind nicht wirklich eine Outdoor-Abenteurer-Rasse und ich w\u00fcrde sie nicht f\u00fcr eine Wander-\/Campingfamilie empfehlen. Dann wird ein Cockapoo besser zu Ihnen passen<\/p>\n<p>Cavapoos sind sehr freundlich und gesellig. Das macht sie zu fantastischen Begleittieren. Sie lieben auch Kinder sehr, was sie zu einem perfekten Familienhund macht! Sie verstehen sich auch gut mit anderen Tieren.<\/p>\t\t\t\t\t\t\t\t<\/div>\n\t\t\t\t<\/div>\n\t\t\t\t<div class=\"elementor-element elementor-element-9865c3e elementor-widget__width-auto elementor-fixed elementor-widget elementor-widget-button\" data-id=\"9865c3e\" data-element_type=\"widget\" data-e-type=\"widget\" data-settings=\"{&quot;_position&quot;:&quot;fixed&quot;}\" data-widget_type=\"button.default\">\n\t\t\t\t<div class=\"elementor-widget-container\">\n\t\t\t\t\t\t\t\t\t<div class=\"elementor-button-wrapper\">\n\t\t\t\t\t<a class=\"elementor-button elementor-button-link elementor-size-md elementor-animation-grow\" href=\"tel:0620556586\">\n\t\t\t\t\t\t<span class=\"elementor-button-content-wrapper\">\n\t\t\t\t\t\t<span class=\"elementor-button-icon\">\n\t\t\t\t<i aria-hidden=\"true\" class=\"fas fa-phone\"><\/i>\t\t\t<\/span>\n\t\t\t\t\t\t\t\t\t<span class=\"elementor-button-text\">Rufen Sie mich an<\/span>\n\t\t\t\t\t<\/span>\n\t\t\t\t\t<\/a>\n\t\t\t\t<\/div>\n\t\t\t\t\t\t\t\t<\/div>\n\t\t\t\t<\/div>\n\t\t\t\t\t<\/div>\n\t\t<\/div>\n\t\t\t\t\t<\/div>\n\t\t<\/section>\n\t\t\t\t<\/div>\n\t\t","protected":false},"excerpt":{"rendered":"<p>Cavapoo Der Cavapoo ist eine sch\u00f6ne Kreuzung zwischen einem Cavalier King Charles Spaniel und einem Pudel.Es gibt viele Generationen von Cavapoos, aber wir z\u00fcchten Cavapoos der ersten Generation (F1). Es handelt sich um eine direkte Kreuzung zwischen einem CKCS und einem Pudel (50% CKCS und 50% Pudel). Je nach Gr\u00f6\u00dfe des Pudels, der zur Zucht [&hellip;]<\/p>\n","protected":false},"author":1,"featured_media":0,"parent":0,"menu_order":0,"comment_status":"closed","ping_status":"closed","template":"","meta":{"_acf_changed":false,"footnotes":""},"class_list":["post-7983","page","type-page","status-publish","hentry"],"acf":[],"yoast_head":"<!-- This site is optimized with the Yoast SEO plugin v27.2 - https:\/\/yoast.com\/product\/yoast-seo-wordpress\/ -->\n<title>Cavapoo Welpen zu verkaufen - Hundehotel the warande<\/title>\n<meta name=\"description\" content=\"Hundepension der Warande. Een rijks erkende en gediplomeerde kennel. F1 Cavapoo Welpen. Schwarz, schwarz-braun, braun, rot, blond.\" \/>\n<meta name=\"robots\" content=\"index, follow, max-snippet:-1, max-image-preview:large, max-video-preview:-1\" \/>\n<link rel=\"canonical\" href=\"https:\/\/designerdogs.nl\/de\/kavapoo\/\" \/>\n<meta property=\"og:locale\" content=\"de_DE\" \/>\n<meta property=\"og:type\" content=\"article\" \/>\n<meta property=\"og:title\" content=\"Cavapoo Welpen zu verkaufen - Hundehotel the warande\" \/>\n<meta property=\"og:description\" content=\"Hundepension der Warande. Een rijks erkende en gediplomeerde kennel. F1 Cavapoo Welpen. Schwarz, schwarz-braun, braun, rot, blond.\" \/>\n<meta property=\"og:url\" content=\"https:\/\/designerdogs.nl\/de\/kavapoo\/\" \/>\n<meta property=\"og:site_name\" content=\"Hondenpension De Warande\" \/>\n<meta property=\"article:modified_time\" content=\"2024-08-31T11:11:42+00:00\" \/>\n<meta property=\"og:image\" content=\"https:\/\/designerdogs.nl\/wp-content\/uploads\/2024\/08\/b3036a6d-bde4-4a04-8678-15be87d710ed-1024x783.jpeg\" \/>\n<meta name=\"twitter:card\" content=\"summary_large_image\" \/>\n<meta name=\"twitter:label1\" content=\"Gesch\u00e4tzte Lesezeit\" \/>\n\t<meta name=\"twitter:data1\" content=\"2\u00a0Minuten\" \/>\n<script type=\"application\/ld+json\" class=\"yoast-schema-graph\">{\"@context\":\"https:\/\/schema.org\",\"@graph\":[{\"@type\":\"WebPage\",\"@id\":\"https:\/\/designerdogs.nl\/de\/kavapoo\/\",\"url\":\"https:\/\/designerdogs.nl\/de\/kavapoo\/\",\"name\":\"Cavapoo Welpen zu verkaufen - Hundehotel the warande\",\"isPartOf\":{\"@id\":\"https:\/\/designerdogs.nl\/de\/#website\"},\"primaryImageOfPage\":{\"@id\":\"https:\/\/designerdogs.nl\/de\/kavapoo\/#primaryimage\"},\"image\":{\"@id\":\"https:\/\/designerdogs.nl\/de\/kavapoo\/#primaryimage\"},\"thumbnailUrl\":\"https:\/\/designerdogs.nl\/wp-content\/uploads\/2024\/08\/b3036a6d-bde4-4a04-8678-15be87d710ed-1024x783.jpeg\",\"datePublished\":\"2020-10-21T07:25:39+00:00\",\"dateModified\":\"2024-08-31T11:11:42+00:00\",\"description\":\"Hundepension der Warande. Een rijks erkende en gediplomeerde kennel. F1 Cavapoo Welpen. Schwarz, schwarz-braun, braun, rot, blond.\",\"breadcrumb\":{\"@id\":\"https:\/\/designerdogs.nl\/de\/kavapoo\/#breadcrumb\"},\"inLanguage\":\"de\",\"potentialAction\":[{\"@type\":\"ReadAction\",\"target\":[\"https:\/\/designerdogs.nl\/de\/kavapoo\/\"]}]},{\"@type\":\"ImageObject\",\"inLanguage\":\"de\",\"@id\":\"https:\/\/designerdogs.nl\/de\/kavapoo\/#primaryimage\",\"url\":\"https:\/\/designerdogs.nl\/wp-content\/uploads\/2024\/08\/b3036a6d-bde4-4a04-8678-15be87d710ed-1024x783.jpeg\",\"contentUrl\":\"https:\/\/designerdogs.nl\/wp-content\/uploads\/2024\/08\/b3036a6d-bde4-4a04-8678-15be87d710ed-1024x783.jpeg\"},{\"@type\":\"BreadcrumbList\",\"@id\":\"https:\/\/designerdogs.nl\/de\/kavapoo\/#breadcrumb\",\"itemListElement\":[{\"@type\":\"ListItem\",\"position\":1,\"name\":\"Home\",\"item\":\"https:\/\/designerdogs.nl\/de\/\"},{\"@type\":\"ListItem\",\"position\":2,\"name\":\"Cavapoo\"}]},{\"@type\":\"WebSite\",\"@id\":\"https:\/\/designerdogs.nl\/de\/#website\",\"url\":\"https:\/\/designerdogs.nl\/de\/\",\"name\":\"Hondenpension De Warande\",\"description\":\"Cavapoo Cockapoo Maltipoo Boomiepoo Teckel Puppy&#039;s\",\"publisher\":{\"@id\":\"https:\/\/designerdogs.nl\/de\/#organization\"},\"potentialAction\":[{\"@type\":\"SearchAction\",\"target\":{\"@type\":\"EntryPoint\",\"urlTemplate\":\"https:\/\/designerdogs.nl\/de\/?s={search_term_string}\"},\"query-input\":{\"@type\":\"PropertyValueSpecification\",\"valueRequired\":true,\"valueName\":\"search_term_string\"}}],\"inLanguage\":\"de\"},{\"@type\":\"Organization\",\"@id\":\"https:\/\/designerdogs.nl\/de\/#organization\",\"name\":\"Hondenpension De Warande\",\"url\":\"https:\/\/designerdogs.nl\/de\/\",\"logo\":{\"@type\":\"ImageObject\",\"inLanguage\":\"de\",\"@id\":\"https:\/\/designerdogs.nl\/de\/#\/schema\/logo\/image\/\",\"url\":\"https:\/\/designerdogs.nl\/wp-content\/uploads\/2020\/10\/delogo-hondenpension.png\",\"contentUrl\":\"https:\/\/designerdogs.nl\/wp-content\/uploads\/2020\/10\/delogo-hondenpension.png\",\"width\":1728,\"height\":1091,\"caption\":\"Hondenpension De Warande\"},\"image\":{\"@id\":\"https:\/\/designerdogs.nl\/de\/#\/schema\/logo\/image\/\"}}]}<\/script>\n<!-- \/ Yoast SEO plugin. -->","yoast_head_json":{"title":"Cavapoo Welpen zu verkaufen - Hundehotel the warande","description":"Hundepension der Warande. Een rijks erkende en gediplomeerde kennel. F1 Cavapoo Welpen. Schwarz, schwarz-braun, braun, rot, blond.","robots":{"index":"index","follow":"follow","max-snippet":"max-snippet:-1","max-image-preview":"max-image-preview:large","max-video-preview":"max-video-preview:-1"},"canonical":"https:\/\/designerdogs.nl\/de\/kavapoo\/","og_locale":"de_DE","og_type":"article","og_title":"Cavapoo Welpen zu verkaufen - Hundehotel the warande","og_description":"Hundepension der Warande. Een rijks erkende en gediplomeerde kennel. F1 Cavapoo Welpen. Schwarz, schwarz-braun, braun, rot, blond.","og_url":"https:\/\/designerdogs.nl\/de\/kavapoo\/","og_site_name":"Hondenpension De Warande","article_modified_time":"2024-08-31T11:11:42+00:00","og_image":[{"url":"https:\/\/designerdogs.nl\/wp-content\/uploads\/2024\/08\/b3036a6d-bde4-4a04-8678-15be87d710ed-1024x783.jpeg","type":"","width":"","height":""}],"twitter_card":"summary_large_image","twitter_misc":{"Gesch\u00e4tzte Lesezeit":"2\u00a0Minuten"},"schema":{"@context":"https:\/\/schema.org","@graph":[{"@type":"WebPage","@id":"https:\/\/designerdogs.nl\/de\/kavapoo\/","url":"https:\/\/designerdogs.nl\/de\/kavapoo\/","name":"Cavapoo Welpen zu verkaufen - Hundehotel the warande","isPartOf":{"@id":"https:\/\/designerdogs.nl\/de\/#website"},"primaryImageOfPage":{"@id":"https:\/\/designerdogs.nl\/de\/kavapoo\/#primaryimage"},"image":{"@id":"https:\/\/designerdogs.nl\/de\/kavapoo\/#primaryimage"},"thumbnailUrl":"https:\/\/designerdogs.nl\/wp-content\/uploads\/2024\/08\/b3036a6d-bde4-4a04-8678-15be87d710ed-1024x783.jpeg","datePublished":"2020-10-21T07:25:39+00:00","dateModified":"2024-08-31T11:11:42+00:00","description":"Hundepension der Warande. Een rijks erkende en gediplomeerde kennel. F1 Cavapoo Welpen. Schwarz, schwarz-braun, braun, rot, blond.","breadcrumb":{"@id":"https:\/\/designerdogs.nl\/de\/kavapoo\/#breadcrumb"},"inLanguage":"de","potentialAction":[{"@type":"ReadAction","target":["https:\/\/designerdogs.nl\/de\/kavapoo\/"]}]},{"@type":"ImageObject","inLanguage":"de","@id":"https:\/\/designerdogs.nl\/de\/kavapoo\/#primaryimage","url":"https:\/\/designerdogs.nl\/wp-content\/uploads\/2024\/08\/b3036a6d-bde4-4a04-8678-15be87d710ed-1024x783.jpeg","contentUrl":"https:\/\/designerdogs.nl\/wp-content\/uploads\/2024\/08\/b3036a6d-bde4-4a04-8678-15be87d710ed-1024x783.jpeg"},{"@type":"BreadcrumbList","@id":"https:\/\/designerdogs.nl\/de\/kavapoo\/#breadcrumb","itemListElement":[{"@type":"ListItem","position":1,"name":"Home","item":"https:\/\/designerdogs.nl\/de\/"},{"@type":"ListItem","position":2,"name":"Cavapoo"}]},{"@type":"WebSite","@id":"https:\/\/designerdogs.nl\/de\/#website","url":"https:\/\/designerdogs.nl\/de\/","name":"Hondenpension De Warande","description":"Cavapoo Cockapoo Maltipoo Boomiepoo Teckel Puppy&#039;s","publisher":{"@id":"https:\/\/designerdogs.nl\/de\/#organization"},"potentialAction":[{"@type":"SearchAction","target":{"@type":"EntryPoint","urlTemplate":"https:\/\/designerdogs.nl\/de\/?s={search_term_string}"},"query-input":{"@type":"PropertyValueSpecification","valueRequired":true,"valueName":"search_term_string"}}],"inLanguage":"de"},{"@type":"Organization","@id":"https:\/\/designerdogs.nl\/de\/#organization","name":"Hondenpension De Warande","url":"https:\/\/designerdogs.nl\/de\/","logo":{"@type":"ImageObject","inLanguage":"de","@id":"https:\/\/designerdogs.nl\/de\/#\/schema\/logo\/image\/","url":"https:\/\/designerdogs.nl\/wp-content\/uploads\/2020\/10\/delogo-hondenpension.png","contentUrl":"https:\/\/designerdogs.nl\/wp-content\/uploads\/2020\/10\/delogo-hondenpension.png","width":1728,"height":1091,"caption":"Hondenpension De Warande"},"image":{"@id":"https:\/\/designerdogs.nl\/de\/#\/schema\/logo\/image\/"}}]}},"_links":{"self":[{"href":"https:\/\/designerdogs.nl\/de\/wp-json\/wp\/v2\/pages\/7983","targetHints":{"allow":["GET"]}}],"collection":[{"href":"https:\/\/designerdogs.nl\/de\/wp-json\/wp\/v2\/pages"}],"about":[{"href":"https:\/\/designerdogs.nl\/de\/wp-json\/wp\/v2\/types\/page"}],"author":[{"embeddable":true,"href":"https:\/\/designerdogs.nl\/de\/wp-json\/wp\/v2\/users\/1"}],"replies":[{"embeddable":true,"href":"https:\/\/designerdogs.nl\/de\/wp-json\/wp\/v2\/comments?post=7983"}],"version-history":[{"count":6,"href":"https:\/\/designerdogs.nl\/de\/wp-json\/wp\/v2\/pages\/7983\/revisions"}],"predecessor-version":[{"id":17172,"href":"https:\/\/designerdogs.nl\/de\/wp-json\/wp\/v2\/pages\/7983\/revisions\/17172"}],"wp:attachment":[{"href":"https:\/\/designerdogs.nl\/de\/wp-json\/wp\/v2\/media?parent=7983"}],"curies":[{"name":"wp","href":"https:\/\/api.w.org\/{rel}","templated":true}]}}