{"id":7988,"date":"2020-10-21T07:36:38","date_gmt":"2020-10-21T07:36:38","guid":{"rendered":"https:\/\/designerdogs.nl\/cockapoo\/"},"modified":"2023-03-28T12:34:16","modified_gmt":"2023-03-28T12:34:16","slug":"cockapoo","status":"publish","type":"page","link":"https:\/\/designerdogs.nl\/de\/cockapoo\/","title":{"rendered":"Cockapoo"},"content":{"rendered":"\t\t<div data-elementor-type=\"wp-page\" data-elementor-id=\"7988\" class=\"elementor elementor-7988 elementor-483\" data-elementor-post-type=\"page\">\n\t\t\t\t\t\t<section class=\"elementor-section elementor-top-section elementor-element elementor-element-df6b5e5 elementor-reverse-tablet elementor-reverse-mobile elementor-section-boxed elementor-section-height-default elementor-section-height-default\" data-id=\"df6b5e5\" data-element_type=\"section\" data-e-type=\"section\" data-settings=\"{&quot;background_background&quot;:&quot;classic&quot;}\">\n\t\t\t\t\t\t<div class=\"elementor-container elementor-column-gap-default\">\n\t\t\t\t\t<div class=\"elementor-column elementor-col-50 elementor-top-column elementor-element elementor-element-c2e5205\" data-id=\"c2e5205\" data-element_type=\"column\" data-e-type=\"column\">\n\t\t\t<div class=\"elementor-widget-wrap elementor-element-populated\">\n\t\t\t\t\t\t<div class=\"elementor-element elementor-element-479124b elementor-widget elementor-widget-heading\" data-id=\"479124b\" data-element_type=\"widget\" data-e-type=\"widget\" data-widget_type=\"heading.default\">\n\t\t\t\t<div class=\"elementor-widget-container\">\n\t\t\t\t\t<h1 class=\"elementor-heading-title elementor-size-default\">Cockapoo<\/h1>\t\t\t\t<\/div>\n\t\t\t\t<\/div>\n\t\t\t\t<div class=\"elementor-element elementor-element-8c0f0c1 elementor-widget-divider--view-line elementor-widget elementor-widget-divider\" data-id=\"8c0f0c1\" data-element_type=\"widget\" data-e-type=\"widget\" data-widget_type=\"divider.default\">\n\t\t\t\t<div class=\"elementor-widget-container\">\n\t\t\t\t\t\t\t<div class=\"elementor-divider\">\n\t\t\t<span class=\"elementor-divider-separator\">\n\t\t\t\t\t\t<\/span>\n\t\t<\/div>\n\t\t\t\t\t\t<\/div>\n\t\t\t\t<\/div>\n\t\t\t\t<div class=\"elementor-element elementor-element-fa39e06 elementor-widget elementor-widget-text-editor\" data-id=\"fa39e06\" data-element_type=\"widget\" data-e-type=\"widget\" data-widget_type=\"text-editor.default\">\n\t\t\t\t<div class=\"elementor-widget-container\">\n\t\t\t\t\t\t\t\t\t<p>Ein Cockapoo-Welpe ist eine Kreuzung zwischen einem Cocker Spaniel (Mutter) und einem Pudel (Vater).<br>Ein Cocker Spaniel wird etwa zwischen 36 und 43 cm gro\u00df und kann zwischen 12 und 16 kg wiegen. Ein Zwergpudel ist maximal 28 bis 35 cm gro\u00df und wiegt zwischen 5 und 10 kg. Ein mittelgro\u00dfer Pudel ist 35 bis 45 cm gro\u00df und kann zwischen 8 und 15 kg wiegen. Daher h\u00e4ngt die Gr\u00f6\u00dfe eines Cockapoo von der Art des Cocker Spaniels und des Pudels ab, mit denen er gez\u00fcchtet wurde.<\/p>\n<p>Wir verwenden einen kleinen Mittelpudel, so dass unsere Cockapoos zwischen 35 und 45 cm gro\u00df sind.<\/p>\n<p>Wir z\u00fcchten Cockapoos der F1-Generation. Sie sind die erste Kreuzung zwischen einem Cocker Spaniel und einem Pudel (50% Cocker Spaniel und 50% Pudel). Der Cockapoo ist eine Rasse, die nicht haart und daher auch f\u00fcr Allergiker geeignet sein k\u00f6nnte. (Es kann Ausnahmen geben)<\/p>\n<p>Sie haben ein sch\u00f6nes lockeres bis dicht gelocktes Fell, das lang und weich ist. Sie k\u00f6nnen auf die gew\u00fcnschte L\u00e4nge und das gew\u00fcnschte Aussehen geschnitten\/getrimmt werden.<\/p>\n<p>Der Cockapoo ist ein kleiner, kr\u00e4ftiger Hund, der hochintelligent ist und als Begleittier immer beliebter wird. Sie sind gro\u00dfartige Familienhunde. Energisch und loyal gegen\u00fcber ihren Familien. Sie sind sehr kinderfreundlich und werden Ihre Kinder und Sie selbst stundenlang unterhalten. Sie lieben im Allgemeinen das Wasser und das Spielen und eignen sich oft hervorragend f\u00fcr Agility-, Flyball- und Obedience-Kurse. Er ist eine sehr soziale und intelligente Rasse. Sie m\u00f6gen es, besch\u00e4ftigt und stimuliert zu werden. Sie sind freundlich, anh\u00e4nglich, kinderlieb und sehr anh\u00e4nglich, was sie zu einem guten Familienhund macht. Sie sind sehr extrovertiert und ausgezeichnete Begleithunde.<\/p>\t\t\t\t\t\t\t\t<\/div>\n\t\t\t\t<\/div>\n\t\t\t\t<div class=\"elementor-element elementor-element-eadc193 elementor-widget__width-auto elementor-fixed elementor-widget elementor-widget-button\" data-id=\"eadc193\" data-element_type=\"widget\" data-e-type=\"widget\" data-settings=\"{&quot;_position&quot;:&quot;fixed&quot;}\" data-widget_type=\"button.default\">\n\t\t\t\t<div class=\"elementor-widget-container\">\n\t\t\t\t\t\t\t\t\t<div class=\"elementor-button-wrapper\">\n\t\t\t\t\t<a class=\"elementor-button elementor-button-link elementor-size-md elementor-animation-grow\" href=\"tel:0620556586\">\n\t\t\t\t\t\t<span class=\"elementor-button-content-wrapper\">\n\t\t\t\t\t\t<span class=\"elementor-button-icon\">\n\t\t\t\t<i aria-hidden=\"true\" class=\"fas fa-phone\"><\/i>\t\t\t<\/span>\n\t\t\t\t\t\t\t\t\t<span class=\"elementor-button-text\">Rufen Sie mich an<\/span>\n\t\t\t\t\t<\/span>\n\t\t\t\t\t<\/a>\n\t\t\t\t<\/div>\n\t\t\t\t\t\t\t\t<\/div>\n\t\t\t\t<\/div>\n\t\t\t\t\t<\/div>\n\t\t<\/div>\n\t\t\t\t<div class=\"elementor-column elementor-col-50 elementor-top-column elementor-element elementor-element-f2aed5c\" data-id=\"f2aed5c\" data-element_type=\"column\" data-e-type=\"column\" data-settings=\"{&quot;background_background&quot;:&quot;classic&quot;}\">\n\t\t\t<div class=\"elementor-widget-wrap elementor-element-populated\">\n\t\t\t\t\t\t<div class=\"elementor-element elementor-element-74994ed elementor-widget elementor-widget-image\" data-id=\"74994ed\" data-element_type=\"widget\" data-e-type=\"widget\" data-widget_type=\"image.default\">\n\t\t\t\t<div class=\"elementor-widget-container\">\n\t\t\t\t\t\t\t\t\t\t\t\t\t\t\t<img fetchpriority=\"high\" decoding=\"async\" width=\"2048\" height=\"1494\" src=\"https:\/\/designerdogs.nl\/wp-content\/uploads\/2023\/03\/IMG_5840-2048x1494.jpg\" class=\"attachment-2048x2048 size-2048x2048 wp-image-8072\" alt=\"\" srcset=\"https:\/\/designerdogs.nl\/wp-content\/uploads\/2023\/03\/IMG_5840-2048x1494.jpg 2048w, https:\/\/designerdogs.nl\/wp-content\/uploads\/2023\/03\/IMG_5840-300x219.jpg 300w, https:\/\/designerdogs.nl\/wp-content\/uploads\/2023\/03\/IMG_5840-1024x747.jpg 1024w, https:\/\/designerdogs.nl\/wp-content\/uploads\/2023\/03\/IMG_5840-768x560.jpg 768w, https:\/\/designerdogs.nl\/wp-content\/uploads\/2023\/03\/IMG_5840-1536x1121.jpg 1536w\" sizes=\"(max-width: 2048px) 100vw, 2048px\" \/>\t\t\t\t\t\t\t\t\t\t\t\t\t\t\t<\/div>\n\t\t\t\t<\/div>\n\t\t\t\t\t<\/div>\n\t\t<\/div>\n\t\t\t\t\t<\/div>\n\t\t<\/section>\n\t\t\t\t<\/div>\n\t\t","protected":false},"excerpt":{"rendered":"<p>Cockapoo Ein Cockapoo-Welpe ist eine Kreuzung zwischen einem Cocker Spaniel (Mutter) und einem Pudel (Vater).Ein Cocker Spaniel wird etwa zwischen 36 und 43 cm gro\u00df und kann zwischen 12 und 16 kg wiegen. Ein Zwergpudel ist maximal 28 bis 35 cm gro\u00df und wiegt zwischen 5 und 10 kg. Ein mittelgro\u00dfer Pudel ist 35 bis [&hellip;]<\/p>\n","protected":false},"author":1,"featured_media":0,"parent":0,"menu_order":0,"comment_status":"closed","ping_status":"closed","template":"","meta":{"_acf_changed":false,"footnotes":""},"class_list":["post-7988","page","type-page","status-publish","hentry"],"acf":[],"yoast_head":"<!-- This site is optimized with the Yoast SEO plugin v27.2 - https:\/\/yoast.com\/product\/yoast-seo-wordpress\/ -->\n<title>cockapoo welpen zu verkaufen - hundehaus de warande<\/title>\n<meta name=\"description\" content=\"Hundepension der Warande. Eine staatlich anerkannte und qualifizierte Zuchtst\u00e4tte. F1 Cockapoo Welpen. Schwarz, braun und blond.\" \/>\n<meta name=\"robots\" content=\"index, follow, max-snippet:-1, max-image-preview:large, max-video-preview:-1\" \/>\n<link rel=\"canonical\" href=\"https:\/\/designerdogs.nl\/de\/cockapoo\/\" \/>\n<meta property=\"og:locale\" content=\"de_DE\" \/>\n<meta property=\"og:type\" content=\"article\" \/>\n<meta property=\"og:title\" content=\"cockapoo welpen zu verkaufen - hundehaus de warande\" \/>\n<meta property=\"og:description\" content=\"Hundepension der Warande. Eine staatlich anerkannte und qualifizierte Zuchtst\u00e4tte. F1 Cockapoo Welpen. Schwarz, braun und blond.\" \/>\n<meta property=\"og:url\" content=\"https:\/\/designerdogs.nl\/de\/cockapoo\/\" \/>\n<meta property=\"og:site_name\" content=\"Hondenpension De Warande\" \/>\n<meta property=\"article:modified_time\" content=\"2023-03-28T12:34:16+00:00\" \/>\n<meta property=\"og:image\" content=\"https:\/\/designerdogs.nl\/wp-content\/uploads\/2023\/03\/IMG_5840-2048x1494.jpg\" \/>\n<meta name=\"twitter:card\" content=\"summary_large_image\" \/>\n<meta name=\"twitter:label1\" content=\"Gesch\u00e4tzte Lesezeit\" \/>\n\t<meta name=\"twitter:data1\" content=\"1\u00a0Minute\" \/>\n<script type=\"application\/ld+json\" class=\"yoast-schema-graph\">{\"@context\":\"https:\/\/schema.org\",\"@graph\":[{\"@type\":\"WebPage\",\"@id\":\"https:\/\/designerdogs.nl\/de\/cockapoo\/\",\"url\":\"https:\/\/designerdogs.nl\/de\/cockapoo\/\",\"name\":\"cockapoo welpen zu verkaufen - hundehaus de warande\",\"isPartOf\":{\"@id\":\"https:\/\/designerdogs.nl\/de\/#website\"},\"primaryImageOfPage\":{\"@id\":\"https:\/\/designerdogs.nl\/de\/cockapoo\/#primaryimage\"},\"image\":{\"@id\":\"https:\/\/designerdogs.nl\/de\/cockapoo\/#primaryimage\"},\"thumbnailUrl\":\"https:\/\/designerdogs.nl\/wp-content\/uploads\/2023\/03\/IMG_5840-2048x1494.jpg\",\"datePublished\":\"2020-10-21T07:36:38+00:00\",\"dateModified\":\"2023-03-28T12:34:16+00:00\",\"description\":\"Hundepension der Warande. Eine staatlich anerkannte und qualifizierte Zuchtst\u00e4tte. F1 Cockapoo Welpen. Schwarz, braun und blond.\",\"breadcrumb\":{\"@id\":\"https:\/\/designerdogs.nl\/de\/cockapoo\/#breadcrumb\"},\"inLanguage\":\"de\",\"potentialAction\":[{\"@type\":\"ReadAction\",\"target\":[\"https:\/\/designerdogs.nl\/de\/cockapoo\/\"]}]},{\"@type\":\"ImageObject\",\"inLanguage\":\"de\",\"@id\":\"https:\/\/designerdogs.nl\/de\/cockapoo\/#primaryimage\",\"url\":\"https:\/\/designerdogs.nl\/wp-content\/uploads\/2023\/03\/IMG_5840-2048x1494.jpg\",\"contentUrl\":\"https:\/\/designerdogs.nl\/wp-content\/uploads\/2023\/03\/IMG_5840-2048x1494.jpg\"},{\"@type\":\"BreadcrumbList\",\"@id\":\"https:\/\/designerdogs.nl\/de\/cockapoo\/#breadcrumb\",\"itemListElement\":[{\"@type\":\"ListItem\",\"position\":1,\"name\":\"Home\",\"item\":\"https:\/\/designerdogs.nl\/de\/\"},{\"@type\":\"ListItem\",\"position\":2,\"name\":\"Cockapoo\"}]},{\"@type\":\"WebSite\",\"@id\":\"https:\/\/designerdogs.nl\/de\/#website\",\"url\":\"https:\/\/designerdogs.nl\/de\/\",\"name\":\"Hondenpension De Warande\",\"description\":\"Cavapoo Cockapoo Maltipoo Boomiepoo Teckel Puppy&#039;s\",\"publisher\":{\"@id\":\"https:\/\/designerdogs.nl\/de\/#organization\"},\"potentialAction\":[{\"@type\":\"SearchAction\",\"target\":{\"@type\":\"EntryPoint\",\"urlTemplate\":\"https:\/\/designerdogs.nl\/de\/?s={search_term_string}\"},\"query-input\":{\"@type\":\"PropertyValueSpecification\",\"valueRequired\":true,\"valueName\":\"search_term_string\"}}],\"inLanguage\":\"de\"},{\"@type\":\"Organization\",\"@id\":\"https:\/\/designerdogs.nl\/de\/#organization\",\"name\":\"Hondenpension De Warande\",\"url\":\"https:\/\/designerdogs.nl\/de\/\",\"logo\":{\"@type\":\"ImageObject\",\"inLanguage\":\"de\",\"@id\":\"https:\/\/designerdogs.nl\/de\/#\/schema\/logo\/image\/\",\"url\":\"https:\/\/designerdogs.nl\/wp-content\/uploads\/2020\/10\/delogo-hondenpension.png\",\"contentUrl\":\"https:\/\/designerdogs.nl\/wp-content\/uploads\/2020\/10\/delogo-hondenpension.png\",\"width\":1728,\"height\":1091,\"caption\":\"Hondenpension De Warande\"},\"image\":{\"@id\":\"https:\/\/designerdogs.nl\/de\/#\/schema\/logo\/image\/\"}}]}<\/script>\n<!-- \/ Yoast SEO plugin. -->","yoast_head_json":{"title":"cockapoo welpen zu verkaufen - hundehaus de warande","description":"Hundepension der Warande. Eine staatlich anerkannte und qualifizierte Zuchtst\u00e4tte. F1 Cockapoo Welpen. Schwarz, braun und blond.","robots":{"index":"index","follow":"follow","max-snippet":"max-snippet:-1","max-image-preview":"max-image-preview:large","max-video-preview":"max-video-preview:-1"},"canonical":"https:\/\/designerdogs.nl\/de\/cockapoo\/","og_locale":"de_DE","og_type":"article","og_title":"cockapoo welpen zu verkaufen - hundehaus de warande","og_description":"Hundepension der Warande. Eine staatlich anerkannte und qualifizierte Zuchtst\u00e4tte. F1 Cockapoo Welpen. Schwarz, braun und blond.","og_url":"https:\/\/designerdogs.nl\/de\/cockapoo\/","og_site_name":"Hondenpension De Warande","article_modified_time":"2023-03-28T12:34:16+00:00","og_image":[{"url":"https:\/\/designerdogs.nl\/wp-content\/uploads\/2023\/03\/IMG_5840-2048x1494.jpg","type":"","width":"","height":""}],"twitter_card":"summary_large_image","twitter_misc":{"Gesch\u00e4tzte Lesezeit":"1\u00a0Minute"},"schema":{"@context":"https:\/\/schema.org","@graph":[{"@type":"WebPage","@id":"https:\/\/designerdogs.nl\/de\/cockapoo\/","url":"https:\/\/designerdogs.nl\/de\/cockapoo\/","name":"cockapoo welpen zu verkaufen - hundehaus de warande","isPartOf":{"@id":"https:\/\/designerdogs.nl\/de\/#website"},"primaryImageOfPage":{"@id":"https:\/\/designerdogs.nl\/de\/cockapoo\/#primaryimage"},"image":{"@id":"https:\/\/designerdogs.nl\/de\/cockapoo\/#primaryimage"},"thumbnailUrl":"https:\/\/designerdogs.nl\/wp-content\/uploads\/2023\/03\/IMG_5840-2048x1494.jpg","datePublished":"2020-10-21T07:36:38+00:00","dateModified":"2023-03-28T12:34:16+00:00","description":"Hundepension der Warande. Eine staatlich anerkannte und qualifizierte Zuchtst\u00e4tte. F1 Cockapoo Welpen. Schwarz, braun und blond.","breadcrumb":{"@id":"https:\/\/designerdogs.nl\/de\/cockapoo\/#breadcrumb"},"inLanguage":"de","potentialAction":[{"@type":"ReadAction","target":["https:\/\/designerdogs.nl\/de\/cockapoo\/"]}]},{"@type":"ImageObject","inLanguage":"de","@id":"https:\/\/designerdogs.nl\/de\/cockapoo\/#primaryimage","url":"https:\/\/designerdogs.nl\/wp-content\/uploads\/2023\/03\/IMG_5840-2048x1494.jpg","contentUrl":"https:\/\/designerdogs.nl\/wp-content\/uploads\/2023\/03\/IMG_5840-2048x1494.jpg"},{"@type":"BreadcrumbList","@id":"https:\/\/designerdogs.nl\/de\/cockapoo\/#breadcrumb","itemListElement":[{"@type":"ListItem","position":1,"name":"Home","item":"https:\/\/designerdogs.nl\/de\/"},{"@type":"ListItem","position":2,"name":"Cockapoo"}]},{"@type":"WebSite","@id":"https:\/\/designerdogs.nl\/de\/#website","url":"https:\/\/designerdogs.nl\/de\/","name":"Hondenpension De Warande","description":"Cavapoo Cockapoo Maltipoo Boomiepoo Teckel Puppy&#039;s","publisher":{"@id":"https:\/\/designerdogs.nl\/de\/#organization"},"potentialAction":[{"@type":"SearchAction","target":{"@type":"EntryPoint","urlTemplate":"https:\/\/designerdogs.nl\/de\/?s={search_term_string}"},"query-input":{"@type":"PropertyValueSpecification","valueRequired":true,"valueName":"search_term_string"}}],"inLanguage":"de"},{"@type":"Organization","@id":"https:\/\/designerdogs.nl\/de\/#organization","name":"Hondenpension De Warande","url":"https:\/\/designerdogs.nl\/de\/","logo":{"@type":"ImageObject","inLanguage":"de","@id":"https:\/\/designerdogs.nl\/de\/#\/schema\/logo\/image\/","url":"https:\/\/designerdogs.nl\/wp-content\/uploads\/2020\/10\/delogo-hondenpension.png","contentUrl":"https:\/\/designerdogs.nl\/wp-content\/uploads\/2020\/10\/delogo-hondenpension.png","width":1728,"height":1091,"caption":"Hondenpension De Warande"},"image":{"@id":"https:\/\/designerdogs.nl\/de\/#\/schema\/logo\/image\/"}}]}},"_links":{"self":[{"href":"https:\/\/designerdogs.nl\/de\/wp-json\/wp\/v2\/pages\/7988","targetHints":{"allow":["GET"]}}],"collection":[{"href":"https:\/\/designerdogs.nl\/de\/wp-json\/wp\/v2\/pages"}],"about":[{"href":"https:\/\/designerdogs.nl\/de\/wp-json\/wp\/v2\/types\/page"}],"author":[{"embeddable":true,"href":"https:\/\/designerdogs.nl\/de\/wp-json\/wp\/v2\/users\/1"}],"replies":[{"embeddable":true,"href":"https:\/\/designerdogs.nl\/de\/wp-json\/wp\/v2\/comments?post=7988"}],"version-history":[{"count":2,"href":"https:\/\/designerdogs.nl\/de\/wp-json\/wp\/v2\/pages\/7988\/revisions"}],"predecessor-version":[{"id":8084,"href":"https:\/\/designerdogs.nl\/de\/wp-json\/wp\/v2\/pages\/7988\/revisions\/8084"}],"wp:attachment":[{"href":"https:\/\/designerdogs.nl\/de\/wp-json\/wp\/v2\/media?parent=7988"}],"curies":[{"name":"wp","href":"https:\/\/api.w.org\/{rel}","templated":true}]}}