{"id":7990,"date":"2020-10-21T07:40:08","date_gmt":"2020-10-21T07:40:08","guid":{"rendered":"https:\/\/designerdogs.nl\/maltipoo\/"},"modified":"2023-03-27T13:36:18","modified_gmt":"2023-03-27T13:36:18","slug":"maltipoo","status":"publish","type":"page","link":"https:\/\/designerdogs.nl\/de\/maltipoo\/","title":{"rendered":"Maltipoo"},"content":{"rendered":"\t\t<div data-elementor-type=\"wp-page\" data-elementor-id=\"7990\" class=\"elementor elementor-7990 elementor-494\" data-elementor-post-type=\"page\">\n\t\t\t\t\t\t<section class=\"elementor-section elementor-top-section elementor-element elementor-element-689661f elementor-reverse-tablet elementor-reverse-mobile elementor-section-boxed elementor-section-height-default elementor-section-height-default\" data-id=\"689661f\" data-element_type=\"section\" data-e-type=\"section\" data-settings=\"{&quot;background_background&quot;:&quot;classic&quot;}\">\n\t\t\t\t\t\t<div class=\"elementor-container elementor-column-gap-default\">\n\t\t\t\t\t<div class=\"elementor-column elementor-col-50 elementor-top-column elementor-element elementor-element-3b73322\" data-id=\"3b73322\" data-element_type=\"column\" data-e-type=\"column\">\n\t\t\t<div class=\"elementor-widget-wrap elementor-element-populated\">\n\t\t\t\t\t\t<div class=\"elementor-element elementor-element-d683cb0 elementor-widget elementor-widget-heading\" data-id=\"d683cb0\" data-element_type=\"widget\" data-e-type=\"widget\" data-widget_type=\"heading.default\">\n\t\t\t\t<div class=\"elementor-widget-container\">\n\t\t\t\t\t<h1 class=\"elementor-heading-title elementor-size-default\">Maltipoo<\/h1>\t\t\t\t<\/div>\n\t\t\t\t<\/div>\n\t\t\t\t<div class=\"elementor-element elementor-element-8c38dac elementor-widget-divider--view-line elementor-widget elementor-widget-divider\" data-id=\"8c38dac\" data-element_type=\"widget\" data-e-type=\"widget\" data-widget_type=\"divider.default\">\n\t\t\t\t<div class=\"elementor-widget-container\">\n\t\t\t\t\t\t\t<div class=\"elementor-divider\">\n\t\t\t<span class=\"elementor-divider-separator\">\n\t\t\t\t\t\t<\/span>\n\t\t<\/div>\n\t\t\t\t\t\t<\/div>\n\t\t\t\t<\/div>\n\t\t\t\t<div class=\"elementor-element elementor-element-5778ee1 elementor-widget elementor-widget-text-editor\" data-id=\"5778ee1\" data-element_type=\"widget\" data-e-type=\"widget\" data-widget_type=\"text-editor.default\">\n\t\t\t\t<div class=\"elementor-widget-container\">\n\t\t\t\t\t\t\t\t\t<p>Der Maltipoo ist eine Kreuzung zwischen dem Malteser und dem Pudel.<\/p>\n<p>Ein ausgewachsener Maltipoo wiegt etwa zwischen 4 und 8 kg und wird zwischen 20 und 30 cm gro\u00df<\/p>\n<p>Da der Malteser wei\u00df ist, hat der Maltipoo den gr\u00f6\u00dften Teil seiner Farbe vom Pudel geerbt. Maltipoo-Farben k\u00f6nnen einfarbig oder einfarbig sein. Eine Partyfarbe ist eine Kombination aus zwei beliebigen Farben. Apricot, Schwarz, Braun, Blau, Creme, Silber, Wei\u00df, Grau oder Silberbeige sind die h\u00e4ufigsten Farben des Maltipoo. &nbsp;Das Fell des Maltipoo ist mittellang bis lang und hat eine weiche, flaumige Textur mit einem gewissen Grad von Wellen oder Locken. Das h\u00e4ngt davon ab, was der Welpe von seinen Eltern geerbt hat. Sie haaren nicht viel, wenn \u00fcberhaupt.<\/p>\n<p>Der Maltipoo sollte regelm\u00e4\u00dfig geb\u00fcrstet werden. Das Fell muss professionell zugeschnitten werden. Das Waschen sollte nur bei Bedarf mit einem milden Shampoo erfolgen.<\/p>\n<p>Der Maltipoo ist sehr gesellig, sportlich und hat ein fr\u00f6hliches und lebhaftes Wesen. Sie sind aktiv, wendig und aufmerksam. Der Maltipoo ist anh\u00e4nglich, loyal und liebevoll und kommt am besten in Familien mit Kindern zur Geltung. Sie vertragen sich im Allgemeinen gut mit Hunden, Katzen und anderen Haustieren. Es ist ein s\u00fc\u00dfes und freundliches Haustier.<\/p>\n<p>Der Maltipoo kann zu Sturheit neigen. Sie sind jedoch intelligent und wollen ihrem Chef gefallen. Sie reagieren nicht auf grobe oder grobschl\u00e4chtige Methoden. Die Erziehung muss mit Belohnung, Festigkeit, Ehrlichkeit, Geduld und Konsequenz erfolgen.<\/p>\n<p>Sie sind kleine, energiegeladene Hunde, ein kurzer, z\u00fcgiger Spaziergang am Morgen und am Abend ist mehr als genug Bewegung, um den Hund bei Laune zu halten. &nbsp;Der Maltipoo ist ein idealer Hund f\u00fcr Menschen, die in kleinen Wohnungen in der Stadt leben, aber auch gerne in Vororten mit einem eigenen Garten wohnen.<\/p>\t\t\t\t\t\t\t\t<\/div>\n\t\t\t\t<\/div>\n\t\t\t\t<div class=\"elementor-element elementor-element-9fb8c1b elementor-widget__width-auto elementor-fixed elementor-widget elementor-widget-button\" data-id=\"9fb8c1b\" data-element_type=\"widget\" data-e-type=\"widget\" data-settings=\"{&quot;_position&quot;:&quot;fixed&quot;}\" data-widget_type=\"button.default\">\n\t\t\t\t<div class=\"elementor-widget-container\">\n\t\t\t\t\t\t\t\t\t<div class=\"elementor-button-wrapper\">\n\t\t\t\t\t<a class=\"elementor-button elementor-button-link elementor-size-md elementor-animation-grow\" href=\"tel:0620556586\">\n\t\t\t\t\t\t<span class=\"elementor-button-content-wrapper\">\n\t\t\t\t\t\t<span class=\"elementor-button-icon\">\n\t\t\t\t<i aria-hidden=\"true\" class=\"fas fa-phone\"><\/i>\t\t\t<\/span>\n\t\t\t\t\t\t\t\t\t<span class=\"elementor-button-text\">Rufen Sie mich an<\/span>\n\t\t\t\t\t<\/span>\n\t\t\t\t\t<\/a>\n\t\t\t\t<\/div>\n\t\t\t\t\t\t\t\t<\/div>\n\t\t\t\t<\/div>\n\t\t\t\t\t<\/div>\n\t\t<\/div>\n\t\t\t\t<div class=\"elementor-column elementor-col-50 elementor-top-column elementor-element elementor-element-f0cd585\" data-id=\"f0cd585\" data-element_type=\"column\" data-e-type=\"column\" data-settings=\"{&quot;background_background&quot;:&quot;classic&quot;}\">\n\t\t\t<div class=\"elementor-widget-wrap elementor-element-populated\">\n\t\t\t\t\t\t<div class=\"elementor-element elementor-element-773437a elementor-widget elementor-widget-image\" data-id=\"773437a\" data-element_type=\"widget\" data-e-type=\"widget\" data-widget_type=\"image.default\">\n\t\t\t\t<div class=\"elementor-widget-container\">\n\t\t\t\t\t\t\t\t\t\t\t\t\t\t\t<img fetchpriority=\"high\" decoding=\"async\" width=\"800\" height=\"540\" src=\"https:\/\/designerdogs.nl\/wp-content\/uploads\/2020\/10\/mALTIPOO4-1024x691.jpg\" class=\"attachment-large size-large wp-image-5412\" alt=\"\" srcset=\"https:\/\/designerdogs.nl\/wp-content\/uploads\/2020\/10\/mALTIPOO4-1024x691.jpg 1024w, https:\/\/designerdogs.nl\/wp-content\/uploads\/2020\/10\/mALTIPOO4-300x203.jpg 300w, https:\/\/designerdogs.nl\/wp-content\/uploads\/2020\/10\/mALTIPOO4-768x518.jpg 768w, https:\/\/designerdogs.nl\/wp-content\/uploads\/2020\/10\/mALTIPOO4-1536x1037.jpg 1536w, https:\/\/designerdogs.nl\/wp-content\/uploads\/2020\/10\/mALTIPOO4.jpg 1594w\" sizes=\"(max-width: 800px) 100vw, 800px\" \/>\t\t\t\t\t\t\t\t\t\t\t\t\t\t\t<\/div>\n\t\t\t\t<\/div>\n\t\t\t\t\t<\/div>\n\t\t<\/div>\n\t\t\t\t\t<\/div>\n\t\t<\/section>\n\t\t\t\t<\/div>\n\t\t","protected":false},"excerpt":{"rendered":"<p>Maltipoo Der Maltipoo ist eine Kreuzung zwischen dem Malteser und dem Pudel. Ein ausgewachsener Maltipoo wiegt etwa zwischen 4 und 8 kg und wird zwischen 20 und 30 cm gro\u00df Da der Malteser wei\u00df ist, hat der Maltipoo den gr\u00f6\u00dften Teil seiner Farbe vom Pudel geerbt. Maltipoo-Farben k\u00f6nnen einfarbig oder einfarbig sein. Eine Partyfarbe ist [&hellip;]<\/p>\n","protected":false},"author":1,"featured_media":0,"parent":0,"menu_order":0,"comment_status":"closed","ping_status":"closed","template":"","meta":{"_acf_changed":false,"footnotes":""},"class_list":["post-7990","page","type-page","status-publish","hentry"],"acf":[],"yoast_head":"<!-- This site is optimized with the Yoast SEO plugin v27.2 - https:\/\/yoast.com\/product\/yoast-seo-wordpress\/ -->\n<title>Maltipoo Welpen zu verkaufen - Hondenpension de Warande<\/title>\n<meta name=\"description\" content=\"Hundepension der Warande. Eine staatlich anerkannte und qualifizierte Zuchtst\u00e4tte. F1 Maltipoo Welpen. Abricot, Schoko, Braun, Blond, Creme, Schwarz.\" \/>\n<meta name=\"robots\" content=\"index, follow, max-snippet:-1, max-image-preview:large, max-video-preview:-1\" \/>\n<link rel=\"canonical\" href=\"https:\/\/designerdogs.nl\/de\/maltipoo\/\" \/>\n<meta property=\"og:locale\" content=\"de_DE\" \/>\n<meta property=\"og:type\" content=\"article\" \/>\n<meta property=\"og:title\" content=\"Maltipoo Welpen zu verkaufen - Hondenpension de Warande\" \/>\n<meta property=\"og:description\" content=\"Hundepension der Warande. Eine staatlich anerkannte und qualifizierte Zuchtst\u00e4tte. F1 Maltipoo Welpen. Abricot, Schoko, Braun, Blond, Creme, Schwarz.\" \/>\n<meta property=\"og:url\" content=\"https:\/\/designerdogs.nl\/de\/maltipoo\/\" \/>\n<meta property=\"og:site_name\" content=\"Hondenpension De Warande\" \/>\n<meta property=\"article:modified_time\" content=\"2023-03-27T13:36:18+00:00\" \/>\n<meta property=\"og:image\" content=\"https:\/\/designerdogs.nl\/wp-content\/uploads\/2020\/10\/mALTIPOO4-1024x691.jpg\" \/>\n<meta name=\"twitter:card\" content=\"summary_large_image\" \/>\n<meta name=\"twitter:label1\" content=\"Gesch\u00e4tzte Lesezeit\" \/>\n\t<meta name=\"twitter:data1\" content=\"1\u00a0Minute\" \/>\n<script type=\"application\/ld+json\" class=\"yoast-schema-graph\">{\"@context\":\"https:\/\/schema.org\",\"@graph\":[{\"@type\":\"WebPage\",\"@id\":\"https:\/\/designerdogs.nl\/de\/maltipoo\/\",\"url\":\"https:\/\/designerdogs.nl\/de\/maltipoo\/\",\"name\":\"Maltipoo Welpen zu verkaufen - Hondenpension de Warande\",\"isPartOf\":{\"@id\":\"https:\/\/designerdogs.nl\/de\/#website\"},\"primaryImageOfPage\":{\"@id\":\"https:\/\/designerdogs.nl\/de\/maltipoo\/#primaryimage\"},\"image\":{\"@id\":\"https:\/\/designerdogs.nl\/de\/maltipoo\/#primaryimage\"},\"thumbnailUrl\":\"https:\/\/designerdogs.nl\/wp-content\/uploads\/2020\/10\/mALTIPOO4-1024x691.jpg\",\"datePublished\":\"2020-10-21T07:40:08+00:00\",\"dateModified\":\"2023-03-27T13:36:18+00:00\",\"description\":\"Hundepension der Warande. Eine staatlich anerkannte und qualifizierte Zuchtst\u00e4tte. F1 Maltipoo Welpen. Abricot, Schoko, Braun, Blond, Creme, Schwarz.\",\"breadcrumb\":{\"@id\":\"https:\/\/designerdogs.nl\/de\/maltipoo\/#breadcrumb\"},\"inLanguage\":\"de\",\"potentialAction\":[{\"@type\":\"ReadAction\",\"target\":[\"https:\/\/designerdogs.nl\/de\/maltipoo\/\"]}]},{\"@type\":\"ImageObject\",\"inLanguage\":\"de\",\"@id\":\"https:\/\/designerdogs.nl\/de\/maltipoo\/#primaryimage\",\"url\":\"https:\/\/designerdogs.nl\/wp-content\/uploads\/2020\/10\/mALTIPOO4-1024x691.jpg\",\"contentUrl\":\"https:\/\/designerdogs.nl\/wp-content\/uploads\/2020\/10\/mALTIPOO4-1024x691.jpg\"},{\"@type\":\"BreadcrumbList\",\"@id\":\"https:\/\/designerdogs.nl\/de\/maltipoo\/#breadcrumb\",\"itemListElement\":[{\"@type\":\"ListItem\",\"position\":1,\"name\":\"Home\",\"item\":\"https:\/\/designerdogs.nl\/de\/\"},{\"@type\":\"ListItem\",\"position\":2,\"name\":\"Maltipoo\"}]},{\"@type\":\"WebSite\",\"@id\":\"https:\/\/designerdogs.nl\/de\/#website\",\"url\":\"https:\/\/designerdogs.nl\/de\/\",\"name\":\"Hondenpension De Warande\",\"description\":\"Cavapoo Cockapoo Maltipoo Boomiepoo Teckel Puppy&#039;s\",\"publisher\":{\"@id\":\"https:\/\/designerdogs.nl\/de\/#organization\"},\"potentialAction\":[{\"@type\":\"SearchAction\",\"target\":{\"@type\":\"EntryPoint\",\"urlTemplate\":\"https:\/\/designerdogs.nl\/de\/?s={search_term_string}\"},\"query-input\":{\"@type\":\"PropertyValueSpecification\",\"valueRequired\":true,\"valueName\":\"search_term_string\"}}],\"inLanguage\":\"de\"},{\"@type\":\"Organization\",\"@id\":\"https:\/\/designerdogs.nl\/de\/#organization\",\"name\":\"Hondenpension De Warande\",\"url\":\"https:\/\/designerdogs.nl\/de\/\",\"logo\":{\"@type\":\"ImageObject\",\"inLanguage\":\"de\",\"@id\":\"https:\/\/designerdogs.nl\/de\/#\/schema\/logo\/image\/\",\"url\":\"https:\/\/designerdogs.nl\/wp-content\/uploads\/2020\/10\/delogo-hondenpension.png\",\"contentUrl\":\"https:\/\/designerdogs.nl\/wp-content\/uploads\/2020\/10\/delogo-hondenpension.png\",\"width\":1728,\"height\":1091,\"caption\":\"Hondenpension De Warande\"},\"image\":{\"@id\":\"https:\/\/designerdogs.nl\/de\/#\/schema\/logo\/image\/\"}}]}<\/script>\n<!-- \/ Yoast SEO plugin. -->","yoast_head_json":{"title":"Maltipoo Welpen zu verkaufen - Hondenpension de Warande","description":"Hundepension der Warande. Eine staatlich anerkannte und qualifizierte Zuchtst\u00e4tte. F1 Maltipoo Welpen. Abricot, Schoko, Braun, Blond, Creme, Schwarz.","robots":{"index":"index","follow":"follow","max-snippet":"max-snippet:-1","max-image-preview":"max-image-preview:large","max-video-preview":"max-video-preview:-1"},"canonical":"https:\/\/designerdogs.nl\/de\/maltipoo\/","og_locale":"de_DE","og_type":"article","og_title":"Maltipoo Welpen zu verkaufen - Hondenpension de Warande","og_description":"Hundepension der Warande. Eine staatlich anerkannte und qualifizierte Zuchtst\u00e4tte. F1 Maltipoo Welpen. Abricot, Schoko, Braun, Blond, Creme, Schwarz.","og_url":"https:\/\/designerdogs.nl\/de\/maltipoo\/","og_site_name":"Hondenpension De Warande","article_modified_time":"2023-03-27T13:36:18+00:00","og_image":[{"url":"https:\/\/designerdogs.nl\/wp-content\/uploads\/2020\/10\/mALTIPOO4-1024x691.jpg","type":"","width":"","height":""}],"twitter_card":"summary_large_image","twitter_misc":{"Gesch\u00e4tzte Lesezeit":"1\u00a0Minute"},"schema":{"@context":"https:\/\/schema.org","@graph":[{"@type":"WebPage","@id":"https:\/\/designerdogs.nl\/de\/maltipoo\/","url":"https:\/\/designerdogs.nl\/de\/maltipoo\/","name":"Maltipoo Welpen zu verkaufen - Hondenpension de Warande","isPartOf":{"@id":"https:\/\/designerdogs.nl\/de\/#website"},"primaryImageOfPage":{"@id":"https:\/\/designerdogs.nl\/de\/maltipoo\/#primaryimage"},"image":{"@id":"https:\/\/designerdogs.nl\/de\/maltipoo\/#primaryimage"},"thumbnailUrl":"https:\/\/designerdogs.nl\/wp-content\/uploads\/2020\/10\/mALTIPOO4-1024x691.jpg","datePublished":"2020-10-21T07:40:08+00:00","dateModified":"2023-03-27T13:36:18+00:00","description":"Hundepension der Warande. Eine staatlich anerkannte und qualifizierte Zuchtst\u00e4tte. F1 Maltipoo Welpen. Abricot, Schoko, Braun, Blond, Creme, Schwarz.","breadcrumb":{"@id":"https:\/\/designerdogs.nl\/de\/maltipoo\/#breadcrumb"},"inLanguage":"de","potentialAction":[{"@type":"ReadAction","target":["https:\/\/designerdogs.nl\/de\/maltipoo\/"]}]},{"@type":"ImageObject","inLanguage":"de","@id":"https:\/\/designerdogs.nl\/de\/maltipoo\/#primaryimage","url":"https:\/\/designerdogs.nl\/wp-content\/uploads\/2020\/10\/mALTIPOO4-1024x691.jpg","contentUrl":"https:\/\/designerdogs.nl\/wp-content\/uploads\/2020\/10\/mALTIPOO4-1024x691.jpg"},{"@type":"BreadcrumbList","@id":"https:\/\/designerdogs.nl\/de\/maltipoo\/#breadcrumb","itemListElement":[{"@type":"ListItem","position":1,"name":"Home","item":"https:\/\/designerdogs.nl\/de\/"},{"@type":"ListItem","position":2,"name":"Maltipoo"}]},{"@type":"WebSite","@id":"https:\/\/designerdogs.nl\/de\/#website","url":"https:\/\/designerdogs.nl\/de\/","name":"Hondenpension De Warande","description":"Cavapoo Cockapoo Maltipoo Boomiepoo Teckel Puppy&#039;s","publisher":{"@id":"https:\/\/designerdogs.nl\/de\/#organization"},"potentialAction":[{"@type":"SearchAction","target":{"@type":"EntryPoint","urlTemplate":"https:\/\/designerdogs.nl\/de\/?s={search_term_string}"},"query-input":{"@type":"PropertyValueSpecification","valueRequired":true,"valueName":"search_term_string"}}],"inLanguage":"de"},{"@type":"Organization","@id":"https:\/\/designerdogs.nl\/de\/#organization","name":"Hondenpension De Warande","url":"https:\/\/designerdogs.nl\/de\/","logo":{"@type":"ImageObject","inLanguage":"de","@id":"https:\/\/designerdogs.nl\/de\/#\/schema\/logo\/image\/","url":"https:\/\/designerdogs.nl\/wp-content\/uploads\/2020\/10\/delogo-hondenpension.png","contentUrl":"https:\/\/designerdogs.nl\/wp-content\/uploads\/2020\/10\/delogo-hondenpension.png","width":1728,"height":1091,"caption":"Hondenpension De Warande"},"image":{"@id":"https:\/\/designerdogs.nl\/de\/#\/schema\/logo\/image\/"}}]}},"_links":{"self":[{"href":"https:\/\/designerdogs.nl\/de\/wp-json\/wp\/v2\/pages\/7990","targetHints":{"allow":["GET"]}}],"collection":[{"href":"https:\/\/designerdogs.nl\/de\/wp-json\/wp\/v2\/pages"}],"about":[{"href":"https:\/\/designerdogs.nl\/de\/wp-json\/wp\/v2\/types\/page"}],"author":[{"embeddable":true,"href":"https:\/\/designerdogs.nl\/de\/wp-json\/wp\/v2\/users\/1"}],"replies":[{"embeddable":true,"href":"https:\/\/designerdogs.nl\/de\/wp-json\/wp\/v2\/comments?post=7990"}],"version-history":[{"count":1,"href":"https:\/\/designerdogs.nl\/de\/wp-json\/wp\/v2\/pages\/7990\/revisions"}],"predecessor-version":[{"id":7991,"href":"https:\/\/designerdogs.nl\/de\/wp-json\/wp\/v2\/pages\/7990\/revisions\/7991"}],"wp:attachment":[{"href":"https:\/\/designerdogs.nl\/de\/wp-json\/wp\/v2\/media?parent=7990"}],"curies":[{"name":"wp","href":"https:\/\/api.w.org\/{rel}","templated":true}]}}