{"id":8039,"date":"2021-01-11T07:47:13","date_gmt":"2021-01-11T07:47:13","guid":{"rendered":"https:\/\/designerdogs.nl\/dackel\/"},"modified":"2023-04-03T09:33:21","modified_gmt":"2023-04-03T09:33:21","slug":"dackel","status":"publish","type":"page","link":"https:\/\/designerdogs.nl\/de\/dackel\/","title":{"rendered":"Dackel"},"content":{"rendered":"\t\t<div data-elementor-type=\"wp-page\" data-elementor-id=\"8039\" class=\"elementor elementor-8039 elementor-907\" data-elementor-post-type=\"page\">\n\t\t\t\t\t\t<section class=\"elementor-section elementor-top-section elementor-element elementor-element-052fb85 elementor-section-boxed elementor-section-height-default elementor-section-height-default\" data-id=\"052fb85\" data-element_type=\"section\" data-e-type=\"section\" data-settings=\"{&quot;background_background&quot;:&quot;classic&quot;}\">\n\t\t\t\t\t\t<div class=\"elementor-container elementor-column-gap-default\">\n\t\t\t\t\t<div class=\"elementor-column elementor-col-50 elementor-top-column elementor-element elementor-element-b85396a\" data-id=\"b85396a\" data-element_type=\"column\" data-e-type=\"column\" data-settings=\"{&quot;background_background&quot;:&quot;classic&quot;}\">\n\t\t\t<div class=\"elementor-widget-wrap elementor-element-populated\">\n\t\t\t\t\t\t<div class=\"elementor-element elementor-element-6a7a59a elementor-widget elementor-widget-image\" data-id=\"6a7a59a\" data-element_type=\"widget\" data-e-type=\"widget\" data-widget_type=\"image.default\">\n\t\t\t\t<div class=\"elementor-widget-container\">\n\t\t\t\t\t\t\t\t\t\t\t\t\t\t\t<img fetchpriority=\"high\" decoding=\"async\" width=\"800\" height=\"811\" src=\"https:\/\/designerdogs.nl\/wp-content\/uploads\/2021\/01\/IMG_0049-1010x1024.jpg\" class=\"attachment-large size-large wp-image-5437\" alt=\"\" srcset=\"https:\/\/designerdogs.nl\/wp-content\/uploads\/2021\/01\/IMG_0049-1010x1024.jpg 1010w, https:\/\/designerdogs.nl\/wp-content\/uploads\/2021\/01\/IMG_0049-296x300.jpg 296w, https:\/\/designerdogs.nl\/wp-content\/uploads\/2021\/01\/IMG_0049-768x778.jpg 768w, https:\/\/designerdogs.nl\/wp-content\/uploads\/2021\/01\/IMG_0049.jpg 1098w\" sizes=\"(max-width: 800px) 100vw, 800px\" \/>\t\t\t\t\t\t\t\t\t\t\t\t\t\t\t<\/div>\n\t\t\t\t<\/div>\n\t\t\t\t\t<\/div>\n\t\t<\/div>\n\t\t\t\t<div class=\"elementor-column elementor-col-50 elementor-top-column elementor-element elementor-element-d7546e0\" data-id=\"d7546e0\" data-element_type=\"column\" data-e-type=\"column\">\n\t\t\t<div class=\"elementor-widget-wrap elementor-element-populated\">\n\t\t\t\t\t\t<div class=\"elementor-element elementor-element-f945048 elementor-widget elementor-widget-heading\" data-id=\"f945048\" data-element_type=\"widget\" data-e-type=\"widget\" data-widget_type=\"heading.default\">\n\t\t\t\t<div class=\"elementor-widget-container\">\n\t\t\t\t\t<h1 class=\"elementor-heading-title elementor-size-default\">Dackel<\/h1>\t\t\t\t<\/div>\n\t\t\t\t<\/div>\n\t\t\t\t<div class=\"elementor-element elementor-element-e391159 elementor-widget-divider--view-line elementor-widget elementor-widget-divider\" data-id=\"e391159\" data-element_type=\"widget\" data-e-type=\"widget\" data-widget_type=\"divider.default\">\n\t\t\t\t<div class=\"elementor-widget-container\">\n\t\t\t\t\t\t\t<div class=\"elementor-divider\">\n\t\t\t<span class=\"elementor-divider-separator\">\n\t\t\t\t\t\t<\/span>\n\t\t<\/div>\n\t\t\t\t\t\t<\/div>\n\t\t\t\t<\/div>\n\t\t\t\t<div class=\"elementor-element elementor-element-94f6ab1 elementor-widget elementor-widget-text-editor\" data-id=\"94f6ab1\" data-element_type=\"widget\" data-e-type=\"widget\" data-widget_type=\"text-editor.default\">\n\t\t\t\t<div class=\"elementor-widget-container\">\n\t\t\t\t\t\t\t\t\t<div>Der Dackel ist ein kluger, st\u00f6rrischer, mutiger und lebhafter kleiner Hund. Sie lieben es zu spielen und haben einen gro\u00dfartigen Sinn f\u00fcr Humor. Dackel sind sehr anh\u00e4nglich an ihre Familie und sind auch gerne mit Menschen zusammen. Au\u00dferdem ist der Dackel ein wachsamer Hund und bellt, wenn Gefahr droht. Es ist im Grunde ein gro\u00dfer Hund in einem kleinen Paket. Dackel vertragen sich gut mit anderen Haustieren, k\u00f6nnen aber etwas eifers\u00fcchtig sein. Der Dackel ist ein lustiger Haushund, braucht aber unbedingt seine t\u00e4glichen Spazierg\u00e4nge.<br><br><\/div>\n<p>Dackel gibt es in verschiedenen Formen und Gr\u00f6\u00dfen. Wir haben haupts\u00e4chlich Zwerg- und Standarddackel, Kurzhaar- und Drahthaardackel.<\/p>\n<p>Urspr\u00fcnglich stammt der Dackel aus Deutschland und wurde vor allem zur Dachsjagd gez\u00fcchtet. VDaher auch der Name \u201cDachshund\u201d Der Drahthaardackel ist aus diesem Grund auch etwas wilder als der Kurzhaardackel, da er durch seinen Jagdinstinkt den Terrier in sich tr\u00e4gt.<\/p>\n<p>Wir haben den Drahthaar-Dackel in den Farben: Black &amp; Tan, Wildfarbe, Choco-tan und Choco Wildfarbe.<\/p>\t\t\t\t\t\t\t\t<\/div>\n\t\t\t\t<\/div>\n\t\t\t\t<div class=\"elementor-element elementor-element-c0708b6 elementor-widget__width-auto elementor-fixed elementor-widget elementor-widget-button\" data-id=\"c0708b6\" data-element_type=\"widget\" data-e-type=\"widget\" data-settings=\"{&quot;_position&quot;:&quot;fixed&quot;}\" data-widget_type=\"button.default\">\n\t\t\t\t<div class=\"elementor-widget-container\">\n\t\t\t\t\t\t\t\t\t<div class=\"elementor-button-wrapper\">\n\t\t\t\t\t<a class=\"elementor-button elementor-button-link elementor-size-md elementor-animation-grow\" href=\"tel:0620556586\">\n\t\t\t\t\t\t<span class=\"elementor-button-content-wrapper\">\n\t\t\t\t\t\t<span class=\"elementor-button-icon\">\n\t\t\t\t<i aria-hidden=\"true\" class=\"fas fa-phone\"><\/i>\t\t\t<\/span>\n\t\t\t\t\t\t\t\t\t<span class=\"elementor-button-text\">Rufen Sie mich an<\/span>\n\t\t\t\t\t<\/span>\n\t\t\t\t\t<\/a>\n\t\t\t\t<\/div>\n\t\t\t\t\t\t\t\t<\/div>\n\t\t\t\t<\/div>\n\t\t\t\t\t<\/div>\n\t\t<\/div>\n\t\t\t\t\t<\/div>\n\t\t<\/section>\n\t\t\t\t<\/div>\n\t\t","protected":false},"excerpt":{"rendered":"<p>Dackel Der Dackel ist ein kluger, st\u00f6rrischer, mutiger und lebhafter kleiner Hund. Sie lieben es zu spielen und haben einen gro\u00dfartigen Sinn f\u00fcr Humor. Dackel sind sehr anh\u00e4nglich an ihre Familie und sind auch gerne mit Menschen zusammen. Au\u00dferdem ist der Dackel ein wachsamer Hund und bellt, wenn Gefahr droht. Es ist im Grunde ein [&hellip;]<\/p>\n","protected":false},"author":1,"featured_media":0,"parent":0,"menu_order":0,"comment_status":"closed","ping_status":"closed","template":"","meta":{"_acf_changed":false,"footnotes":""},"class_list":["post-8039","page","type-page","status-publish","hentry"],"acf":[],"yoast_head":"<!-- This site is optimized with the Yoast SEO plugin v27.2 - https:\/\/yoast.com\/product\/yoast-seo-wordpress\/ -->\n<title>Dachshund Welpen zu verkaufen - Hondenpension de warande<\/title>\n<meta name=\"description\" content=\"Eine staatlich anerkannte und qualifizierte Zuchtst\u00e4tte. Dackelwelpen Drahthaar und Kurzhaar. Schwarz-braun, schokobraun, blau-braun, wildfarben, braun, rot und merle.\" \/>\n<meta name=\"robots\" content=\"index, follow, max-snippet:-1, max-image-preview:large, max-video-preview:-1\" \/>\n<link rel=\"canonical\" href=\"https:\/\/designerdogs.nl\/de\/dackel\/\" \/>\n<meta property=\"og:locale\" content=\"de_DE\" \/>\n<meta property=\"og:type\" content=\"article\" \/>\n<meta property=\"og:title\" content=\"Dachshund Welpen zu verkaufen - Hondenpension de warande\" \/>\n<meta property=\"og:description\" content=\"Eine staatlich anerkannte und qualifizierte Zuchtst\u00e4tte. Dackelwelpen Drahthaar und Kurzhaar. Schwarz-braun, schokobraun, blau-braun, wildfarben, braun, rot und merle.\" \/>\n<meta property=\"og:url\" content=\"https:\/\/designerdogs.nl\/de\/dackel\/\" \/>\n<meta property=\"og:site_name\" content=\"Hondenpension De Warande\" \/>\n<meta property=\"article:modified_time\" content=\"2023-04-03T09:33:21+00:00\" \/>\n<meta property=\"og:image\" content=\"https:\/\/designerdogs.nl\/wp-content\/uploads\/2021\/01\/IMG_0049-1010x1024.jpg\" \/>\n<meta name=\"twitter:card\" content=\"summary_large_image\" \/>\n<meta name=\"twitter:label1\" content=\"Gesch\u00e4tzte Lesezeit\" \/>\n\t<meta name=\"twitter:data1\" content=\"1\u00a0Minute\" \/>\n<script type=\"application\/ld+json\" class=\"yoast-schema-graph\">{\"@context\":\"https:\/\/schema.org\",\"@graph\":[{\"@type\":\"WebPage\",\"@id\":\"https:\/\/designerdogs.nl\/de\/dackel\/\",\"url\":\"https:\/\/designerdogs.nl\/de\/dackel\/\",\"name\":\"Dachshund Welpen zu verkaufen - Hondenpension de warande\",\"isPartOf\":{\"@id\":\"https:\/\/designerdogs.nl\/de\/#website\"},\"primaryImageOfPage\":{\"@id\":\"https:\/\/designerdogs.nl\/de\/dackel\/#primaryimage\"},\"image\":{\"@id\":\"https:\/\/designerdogs.nl\/de\/dackel\/#primaryimage\"},\"thumbnailUrl\":\"https:\/\/designerdogs.nl\/wp-content\/uploads\/2021\/01\/IMG_0049-1010x1024.jpg\",\"datePublished\":\"2021-01-11T07:47:13+00:00\",\"dateModified\":\"2023-04-03T09:33:21+00:00\",\"description\":\"Eine staatlich anerkannte und qualifizierte Zuchtst\u00e4tte. Dackelwelpen Drahthaar und Kurzhaar. Schwarz-braun, schokobraun, blau-braun, wildfarben, braun, rot und merle.\",\"breadcrumb\":{\"@id\":\"https:\/\/designerdogs.nl\/de\/dackel\/#breadcrumb\"},\"inLanguage\":\"de\",\"potentialAction\":[{\"@type\":\"ReadAction\",\"target\":[\"https:\/\/designerdogs.nl\/de\/dackel\/\"]}]},{\"@type\":\"ImageObject\",\"inLanguage\":\"de\",\"@id\":\"https:\/\/designerdogs.nl\/de\/dackel\/#primaryimage\",\"url\":\"https:\/\/designerdogs.nl\/wp-content\/uploads\/2021\/01\/IMG_0049-1010x1024.jpg\",\"contentUrl\":\"https:\/\/designerdogs.nl\/wp-content\/uploads\/2021\/01\/IMG_0049-1010x1024.jpg\"},{\"@type\":\"BreadcrumbList\",\"@id\":\"https:\/\/designerdogs.nl\/de\/dackel\/#breadcrumb\",\"itemListElement\":[{\"@type\":\"ListItem\",\"position\":1,\"name\":\"Home\",\"item\":\"https:\/\/designerdogs.nl\/de\/\"},{\"@type\":\"ListItem\",\"position\":2,\"name\":\"Dackel\"}]},{\"@type\":\"WebSite\",\"@id\":\"https:\/\/designerdogs.nl\/de\/#website\",\"url\":\"https:\/\/designerdogs.nl\/de\/\",\"name\":\"Hondenpension De Warande\",\"description\":\"Cavapoo Cockapoo Maltipoo Boomiepoo Teckel Puppy&#039;s\",\"publisher\":{\"@id\":\"https:\/\/designerdogs.nl\/de\/#organization\"},\"potentialAction\":[{\"@type\":\"SearchAction\",\"target\":{\"@type\":\"EntryPoint\",\"urlTemplate\":\"https:\/\/designerdogs.nl\/de\/?s={search_term_string}\"},\"query-input\":{\"@type\":\"PropertyValueSpecification\",\"valueRequired\":true,\"valueName\":\"search_term_string\"}}],\"inLanguage\":\"de\"},{\"@type\":\"Organization\",\"@id\":\"https:\/\/designerdogs.nl\/de\/#organization\",\"name\":\"Hondenpension De Warande\",\"url\":\"https:\/\/designerdogs.nl\/de\/\",\"logo\":{\"@type\":\"ImageObject\",\"inLanguage\":\"de\",\"@id\":\"https:\/\/designerdogs.nl\/de\/#\/schema\/logo\/image\/\",\"url\":\"https:\/\/designerdogs.nl\/wp-content\/uploads\/2020\/10\/delogo-hondenpension.png\",\"contentUrl\":\"https:\/\/designerdogs.nl\/wp-content\/uploads\/2020\/10\/delogo-hondenpension.png\",\"width\":1728,\"height\":1091,\"caption\":\"Hondenpension De Warande\"},\"image\":{\"@id\":\"https:\/\/designerdogs.nl\/de\/#\/schema\/logo\/image\/\"}}]}<\/script>\n<!-- \/ Yoast SEO plugin. -->","yoast_head_json":{"title":"Dachshund Welpen zu verkaufen - Hondenpension de warande","description":"Eine staatlich anerkannte und qualifizierte Zuchtst\u00e4tte. Dackelwelpen Drahthaar und Kurzhaar. Schwarz-braun, schokobraun, blau-braun, wildfarben, braun, rot und merle.","robots":{"index":"index","follow":"follow","max-snippet":"max-snippet:-1","max-image-preview":"max-image-preview:large","max-video-preview":"max-video-preview:-1"},"canonical":"https:\/\/designerdogs.nl\/de\/dackel\/","og_locale":"de_DE","og_type":"article","og_title":"Dachshund Welpen zu verkaufen - Hondenpension de warande","og_description":"Eine staatlich anerkannte und qualifizierte Zuchtst\u00e4tte. Dackelwelpen Drahthaar und Kurzhaar. Schwarz-braun, schokobraun, blau-braun, wildfarben, braun, rot und merle.","og_url":"https:\/\/designerdogs.nl\/de\/dackel\/","og_site_name":"Hondenpension De Warande","article_modified_time":"2023-04-03T09:33:21+00:00","og_image":[{"url":"https:\/\/designerdogs.nl\/wp-content\/uploads\/2021\/01\/IMG_0049-1010x1024.jpg","type":"","width":"","height":""}],"twitter_card":"summary_large_image","twitter_misc":{"Gesch\u00e4tzte Lesezeit":"1\u00a0Minute"},"schema":{"@context":"https:\/\/schema.org","@graph":[{"@type":"WebPage","@id":"https:\/\/designerdogs.nl\/de\/dackel\/","url":"https:\/\/designerdogs.nl\/de\/dackel\/","name":"Dachshund Welpen zu verkaufen - Hondenpension de warande","isPartOf":{"@id":"https:\/\/designerdogs.nl\/de\/#website"},"primaryImageOfPage":{"@id":"https:\/\/designerdogs.nl\/de\/dackel\/#primaryimage"},"image":{"@id":"https:\/\/designerdogs.nl\/de\/dackel\/#primaryimage"},"thumbnailUrl":"https:\/\/designerdogs.nl\/wp-content\/uploads\/2021\/01\/IMG_0049-1010x1024.jpg","datePublished":"2021-01-11T07:47:13+00:00","dateModified":"2023-04-03T09:33:21+00:00","description":"Eine staatlich anerkannte und qualifizierte Zuchtst\u00e4tte. Dackelwelpen Drahthaar und Kurzhaar. Schwarz-braun, schokobraun, blau-braun, wildfarben, braun, rot und merle.","breadcrumb":{"@id":"https:\/\/designerdogs.nl\/de\/dackel\/#breadcrumb"},"inLanguage":"de","potentialAction":[{"@type":"ReadAction","target":["https:\/\/designerdogs.nl\/de\/dackel\/"]}]},{"@type":"ImageObject","inLanguage":"de","@id":"https:\/\/designerdogs.nl\/de\/dackel\/#primaryimage","url":"https:\/\/designerdogs.nl\/wp-content\/uploads\/2021\/01\/IMG_0049-1010x1024.jpg","contentUrl":"https:\/\/designerdogs.nl\/wp-content\/uploads\/2021\/01\/IMG_0049-1010x1024.jpg"},{"@type":"BreadcrumbList","@id":"https:\/\/designerdogs.nl\/de\/dackel\/#breadcrumb","itemListElement":[{"@type":"ListItem","position":1,"name":"Home","item":"https:\/\/designerdogs.nl\/de\/"},{"@type":"ListItem","position":2,"name":"Dackel"}]},{"@type":"WebSite","@id":"https:\/\/designerdogs.nl\/de\/#website","url":"https:\/\/designerdogs.nl\/de\/","name":"Hondenpension De Warande","description":"Cavapoo Cockapoo Maltipoo Boomiepoo Teckel Puppy&#039;s","publisher":{"@id":"https:\/\/designerdogs.nl\/de\/#organization"},"potentialAction":[{"@type":"SearchAction","target":{"@type":"EntryPoint","urlTemplate":"https:\/\/designerdogs.nl\/de\/?s={search_term_string}"},"query-input":{"@type":"PropertyValueSpecification","valueRequired":true,"valueName":"search_term_string"}}],"inLanguage":"de"},{"@type":"Organization","@id":"https:\/\/designerdogs.nl\/de\/#organization","name":"Hondenpension De Warande","url":"https:\/\/designerdogs.nl\/de\/","logo":{"@type":"ImageObject","inLanguage":"de","@id":"https:\/\/designerdogs.nl\/de\/#\/schema\/logo\/image\/","url":"https:\/\/designerdogs.nl\/wp-content\/uploads\/2020\/10\/delogo-hondenpension.png","contentUrl":"https:\/\/designerdogs.nl\/wp-content\/uploads\/2020\/10\/delogo-hondenpension.png","width":1728,"height":1091,"caption":"Hondenpension De Warande"},"image":{"@id":"https:\/\/designerdogs.nl\/de\/#\/schema\/logo\/image\/"}}]}},"_links":{"self":[{"href":"https:\/\/designerdogs.nl\/de\/wp-json\/wp\/v2\/pages\/8039","targetHints":{"allow":["GET"]}}],"collection":[{"href":"https:\/\/designerdogs.nl\/de\/wp-json\/wp\/v2\/pages"}],"about":[{"href":"https:\/\/designerdogs.nl\/de\/wp-json\/wp\/v2\/types\/page"}],"author":[{"embeddable":true,"href":"https:\/\/designerdogs.nl\/de\/wp-json\/wp\/v2\/users\/1"}],"replies":[{"embeddable":true,"href":"https:\/\/designerdogs.nl\/de\/wp-json\/wp\/v2\/comments?post=8039"}],"version-history":[{"count":3,"href":"https:\/\/designerdogs.nl\/de\/wp-json\/wp\/v2\/pages\/8039\/revisions"}],"predecessor-version":[{"id":8445,"href":"https:\/\/designerdogs.nl\/de\/wp-json\/wp\/v2\/pages\/8039\/revisions\/8445"}],"wp:attachment":[{"href":"https:\/\/designerdogs.nl\/de\/wp-json\/wp\/v2\/media?parent=8039"}],"curies":[{"name":"wp","href":"https:\/\/api.w.org\/{rel}","templated":true}]}}