{"id":8041,"date":"2021-02-16T08:06:52","date_gmt":"2021-02-16T08:06:52","guid":{"rendered":"https:\/\/designerdogs.nl\/pudel\/"},"modified":"2024-08-31T11:01:18","modified_gmt":"2024-08-31T11:01:18","slug":"pudel","status":"publish","type":"page","link":"https:\/\/designerdogs.nl\/de\/pudel\/","title":{"rendered":"Pudel"},"content":{"rendered":"\t\t<div data-elementor-type=\"wp-page\" data-elementor-id=\"8041\" class=\"elementor elementor-8041 elementor-1139\" data-elementor-post-type=\"page\">\n\t\t\t\t\t\t<section class=\"elementor-section elementor-top-section elementor-element elementor-element-c22e23e elementor-section-boxed elementor-section-height-default elementor-section-height-default\" data-id=\"c22e23e\" data-element_type=\"section\" data-e-type=\"section\" data-settings=\"{&quot;background_background&quot;:&quot;classic&quot;}\">\n\t\t\t\t\t\t<div class=\"elementor-container elementor-column-gap-default\">\n\t\t\t\t\t<div class=\"elementor-column elementor-col-50 elementor-top-column elementor-element elementor-element-805698d\" data-id=\"805698d\" data-element_type=\"column\" data-e-type=\"column\" data-settings=\"{&quot;background_background&quot;:&quot;classic&quot;}\">\n\t\t\t<div class=\"elementor-widget-wrap elementor-element-populated\">\n\t\t\t\t\t\t<div class=\"elementor-element elementor-element-c90a6b1 elementor-widget elementor-widget-image\" data-id=\"c90a6b1\" data-element_type=\"widget\" data-e-type=\"widget\" data-widget_type=\"image.default\">\n\t\t\t\t<div class=\"elementor-widget-container\">\n\t\t\t\t\t\t\t\t\t\t\t\t\t\t\t<img fetchpriority=\"high\" decoding=\"async\" width=\"800\" height=\"557\" src=\"https:\/\/designerdogs.nl\/wp-content\/uploads\/2024\/08\/IMG_1438-1-1024x713.jpg\" class=\"attachment-large size-large wp-image-17142\" alt=\"Designerdogs warande. Pudel welpen.\" srcset=\"https:\/\/designerdogs.nl\/wp-content\/uploads\/2024\/08\/IMG_1438-1-1024x713.jpg 1024w, https:\/\/designerdogs.nl\/wp-content\/uploads\/2024\/08\/IMG_1438-1-300x209.jpg 300w, https:\/\/designerdogs.nl\/wp-content\/uploads\/2024\/08\/IMG_1438-1-768x535.jpg 768w, https:\/\/designerdogs.nl\/wp-content\/uploads\/2024\/08\/IMG_1438-1-1536x1069.jpg 1536w, https:\/\/designerdogs.nl\/wp-content\/uploads\/2024\/08\/IMG_1438-1-2048x1425.jpg 2048w\" sizes=\"(max-width: 800px) 100vw, 800px\" \/>\t\t\t\t\t\t\t\t\t\t\t\t\t\t\t<\/div>\n\t\t\t\t<\/div>\n\t\t\t\t\t<\/div>\n\t\t<\/div>\n\t\t\t\t<div class=\"elementor-column elementor-col-50 elementor-top-column elementor-element elementor-element-d011593\" data-id=\"d011593\" data-element_type=\"column\" data-e-type=\"column\">\n\t\t\t<div class=\"elementor-widget-wrap elementor-element-populated\">\n\t\t\t\t\t\t<div class=\"elementor-element elementor-element-d7e68d9 elementor-widget elementor-widget-heading\" data-id=\"d7e68d9\" data-element_type=\"widget\" data-e-type=\"widget\" data-widget_type=\"heading.default\">\n\t\t\t\t<div class=\"elementor-widget-container\">\n\t\t\t\t\t<h1 class=\"elementor-heading-title elementor-size-default\">Pudel<\/h1>\t\t\t\t<\/div>\n\t\t\t\t<\/div>\n\t\t\t\t<div class=\"elementor-element elementor-element-f00123e elementor-widget-divider--view-line elementor-widget elementor-widget-divider\" data-id=\"f00123e\" data-element_type=\"widget\" data-e-type=\"widget\" data-widget_type=\"divider.default\">\n\t\t\t\t<div class=\"elementor-widget-container\">\n\t\t\t\t\t\t\t<div class=\"elementor-divider\">\n\t\t\t<span class=\"elementor-divider-separator\">\n\t\t\t\t\t\t<\/span>\n\t\t<\/div>\n\t\t\t\t\t\t<\/div>\n\t\t\t\t<\/div>\n\t\t\t\t<div class=\"elementor-element elementor-element-b9bef13 elementor-widget elementor-widget-text-editor\" data-id=\"b9bef13\" data-element_type=\"widget\" data-e-type=\"widget\" data-widget_type=\"text-editor.default\">\n\t\t\t\t<div class=\"elementor-widget-container\">\n\t\t\t\t\t\t\t\t\t<p>Ein Pudel ist ein fr\u00f6hlicher, anh\u00e4nglicher, intelligenter und treuer Hund voller Energie. Ze zijn erg gehecht aan hun baas of hun gezin. Sie sind sehr freundlich und verstehen sich in der Regel gut mit anderen Hunden. Sie k\u00f6nnen ein wenig wachsam sein, sind aber nicht aggressiv. Da der Pudel viel Energie hat, macht ihm alles, was mit Bewegung zu tun hat, wirklich Spa\u00df! Denken Sie an Wandern, Radfahren und Schwimmen. Weil sie so intelligent sind, kann man ihnen alles M\u00f6gliche beibringen, zum Beispiel verschiedene Sportarten.<\/p>\n<p>Das Fell eines Pudels braucht viel Pflege. T\u00e4gliches B\u00fcrsten wird empfohlen, um Verfilzungen im Fell zu vermeiden. Ein professioneller Schnitt sollte alle 6 bis 8 Wochen durchgef\u00fchrt werden. Es gibt verschiedene Looks, die man f\u00fcr einen Pudel w\u00e4hlen kann.<\/p>\n<\/p>\n<p>Es ist auch wichtig, die Ohren im Auge zu behalten, denn wenn die Haare hier zu lang werden, k\u00f6nnen sie Infektionen bekommen. Da der Pudel nicht haart, ist er auch f\u00fcr Allergiker geeignet.<\/p>\n<p>Der Zwergpudel wiegt zwischen 5 kg und 8 kg und wird zwischen 28 cm und 35 cm gro\u00df. Alles, was darunter liegt, wird als Spielzeug bezeichnet. <br \/>Der mittelgro\u00dfe Pudel wiegt etwa zwischen 8 und 12 kg und wird zwischen 35 und 45 cm gro\u00df.<\/p>\n<p>Pudel gibt es in verschiedenen Farben. Apricot, schwarz, wei\u00df, cremefarben, grau, schokoladenfarben, braun, rot und gefleckt (Harlekin genannt).<\/p>\n\t\t\t\t\t\t\t\t<\/div>\n\t\t\t\t<\/div>\n\t\t\t\t<div class=\"elementor-element elementor-element-159818b elementor-widget__width-auto elementor-fixed elementor-widget elementor-widget-button\" data-id=\"159818b\" data-element_type=\"widget\" data-e-type=\"widget\" data-settings=\"{&quot;_position&quot;:&quot;fixed&quot;}\" data-widget_type=\"button.default\">\n\t\t\t\t<div class=\"elementor-widget-container\">\n\t\t\t\t\t\t\t\t\t<div class=\"elementor-button-wrapper\">\n\t\t\t\t\t<a class=\"elementor-button elementor-button-link elementor-size-md elementor-animation-grow\" href=\"tel:0620556586\">\n\t\t\t\t\t\t<span class=\"elementor-button-content-wrapper\">\n\t\t\t\t\t\t<span class=\"elementor-button-icon\">\n\t\t\t\t<i aria-hidden=\"true\" class=\"fas fa-phone\"><\/i>\t\t\t<\/span>\n\t\t\t\t\t\t\t\t\t<span class=\"elementor-button-text\">Rufen Sie mich an<\/span>\n\t\t\t\t\t<\/span>\n\t\t\t\t\t<\/a>\n\t\t\t\t<\/div>\n\t\t\t\t\t\t\t\t<\/div>\n\t\t\t\t<\/div>\n\t\t\t\t\t<\/div>\n\t\t<\/div>\n\t\t\t\t\t<\/div>\n\t\t<\/section>\n\t\t\t\t<\/div>\n\t\t","protected":false},"excerpt":{"rendered":"<p>Pudel Ein Pudel ist ein fr\u00f6hlicher, anh\u00e4nglicher, intelligenter und treuer Hund voller Energie. Ze zijn erg gehecht aan hun baas of hun gezin. Sie sind sehr freundlich und verstehen sich in der Regel gut mit anderen Hunden. Sie k\u00f6nnen ein wenig wachsam sein, sind aber nicht aggressiv. Da der Pudel viel Energie hat, macht ihm [&hellip;]<\/p>\n","protected":false},"author":1,"featured_media":0,"parent":0,"menu_order":0,"comment_status":"closed","ping_status":"closed","template":"","meta":{"_acf_changed":false,"footnotes":""},"class_list":["post-8041","page","type-page","status-publish","hentry"],"acf":[],"yoast_head":"<!-- This site is optimized with the Yoast SEO plugin v27.2 - https:\/\/yoast.com\/product\/yoast-seo-wordpress\/ -->\n<title>Pudel - Hondenpension De Warande<\/title>\n<meta name=\"robots\" content=\"index, follow, max-snippet:-1, max-image-preview:large, max-video-preview:-1\" \/>\n<link rel=\"canonical\" href=\"https:\/\/designerdogs.nl\/de\/pudel\/\" \/>\n<meta property=\"og:locale\" content=\"de_DE\" \/>\n<meta property=\"og:type\" content=\"article\" \/>\n<meta property=\"og:title\" content=\"Pudel - Hondenpension De Warande\" \/>\n<meta property=\"og:description\" content=\"Pudel Ein Pudel ist ein fr\u00f6hlicher, anh\u00e4nglicher, intelligenter und treuer Hund voller Energie. Ze zijn erg gehecht aan hun baas of hun gezin. Sie sind sehr freundlich und verstehen sich in der Regel gut mit anderen Hunden. Sie k\u00f6nnen ein wenig wachsam sein, sind aber nicht aggressiv. Da der Pudel viel Energie hat, macht ihm [&hellip;]\" \/>\n<meta property=\"og:url\" content=\"https:\/\/designerdogs.nl\/de\/pudel\/\" \/>\n<meta property=\"og:site_name\" content=\"Hondenpension De Warande\" \/>\n<meta property=\"article:modified_time\" content=\"2024-08-31T11:01:18+00:00\" \/>\n<meta property=\"og:image\" content=\"https:\/\/designerdogs.nl\/wp-content\/uploads\/2024\/08\/IMG_1438-1-1024x713.jpg\" \/>\n<meta name=\"twitter:card\" content=\"summary_large_image\" \/>\n<meta name=\"twitter:label1\" content=\"Gesch\u00e4tzte Lesezeit\" \/>\n\t<meta name=\"twitter:data1\" content=\"2\u00a0Minuten\" \/>\n<script type=\"application\/ld+json\" class=\"yoast-schema-graph\">{\"@context\":\"https:\/\/schema.org\",\"@graph\":[{\"@type\":\"WebPage\",\"@id\":\"https:\/\/designerdogs.nl\/de\/pudel\/\",\"url\":\"https:\/\/designerdogs.nl\/de\/pudel\/\",\"name\":\"Pudel - Hondenpension De Warande\",\"isPartOf\":{\"@id\":\"https:\/\/designerdogs.nl\/de\/#website\"},\"primaryImageOfPage\":{\"@id\":\"https:\/\/designerdogs.nl\/de\/pudel\/#primaryimage\"},\"image\":{\"@id\":\"https:\/\/designerdogs.nl\/de\/pudel\/#primaryimage\"},\"thumbnailUrl\":\"https:\/\/designerdogs.nl\/wp-content\/uploads\/2024\/08\/IMG_1438-1-1024x713.jpg\",\"datePublished\":\"2021-02-16T08:06:52+00:00\",\"dateModified\":\"2024-08-31T11:01:18+00:00\",\"breadcrumb\":{\"@id\":\"https:\/\/designerdogs.nl\/de\/pudel\/#breadcrumb\"},\"inLanguage\":\"de\",\"potentialAction\":[{\"@type\":\"ReadAction\",\"target\":[\"https:\/\/designerdogs.nl\/de\/pudel\/\"]}]},{\"@type\":\"ImageObject\",\"inLanguage\":\"de\",\"@id\":\"https:\/\/designerdogs.nl\/de\/pudel\/#primaryimage\",\"url\":\"https:\/\/designerdogs.nl\/wp-content\/uploads\/2024\/08\/IMG_1438-1-1024x713.jpg\",\"contentUrl\":\"https:\/\/designerdogs.nl\/wp-content\/uploads\/2024\/08\/IMG_1438-1-1024x713.jpg\"},{\"@type\":\"BreadcrumbList\",\"@id\":\"https:\/\/designerdogs.nl\/de\/pudel\/#breadcrumb\",\"itemListElement\":[{\"@type\":\"ListItem\",\"position\":1,\"name\":\"Home\",\"item\":\"https:\/\/designerdogs.nl\/de\/\"},{\"@type\":\"ListItem\",\"position\":2,\"name\":\"Pudel\"}]},{\"@type\":\"WebSite\",\"@id\":\"https:\/\/designerdogs.nl\/de\/#website\",\"url\":\"https:\/\/designerdogs.nl\/de\/\",\"name\":\"Hondenpension De Warande\",\"description\":\"Cavapoo Cockapoo Maltipoo Boomiepoo Teckel Puppy&#039;s\",\"publisher\":{\"@id\":\"https:\/\/designerdogs.nl\/de\/#organization\"},\"potentialAction\":[{\"@type\":\"SearchAction\",\"target\":{\"@type\":\"EntryPoint\",\"urlTemplate\":\"https:\/\/designerdogs.nl\/de\/?s={search_term_string}\"},\"query-input\":{\"@type\":\"PropertyValueSpecification\",\"valueRequired\":true,\"valueName\":\"search_term_string\"}}],\"inLanguage\":\"de\"},{\"@type\":\"Organization\",\"@id\":\"https:\/\/designerdogs.nl\/de\/#organization\",\"name\":\"Hondenpension De Warande\",\"url\":\"https:\/\/designerdogs.nl\/de\/\",\"logo\":{\"@type\":\"ImageObject\",\"inLanguage\":\"de\",\"@id\":\"https:\/\/designerdogs.nl\/de\/#\/schema\/logo\/image\/\",\"url\":\"https:\/\/designerdogs.nl\/wp-content\/uploads\/2020\/10\/delogo-hondenpension.png\",\"contentUrl\":\"https:\/\/designerdogs.nl\/wp-content\/uploads\/2020\/10\/delogo-hondenpension.png\",\"width\":1728,\"height\":1091,\"caption\":\"Hondenpension De Warande\"},\"image\":{\"@id\":\"https:\/\/designerdogs.nl\/de\/#\/schema\/logo\/image\/\"}}]}<\/script>\n<!-- \/ Yoast SEO plugin. -->","yoast_head_json":{"title":"Pudel - Hondenpension De Warande","robots":{"index":"index","follow":"follow","max-snippet":"max-snippet:-1","max-image-preview":"max-image-preview:large","max-video-preview":"max-video-preview:-1"},"canonical":"https:\/\/designerdogs.nl\/de\/pudel\/","og_locale":"de_DE","og_type":"article","og_title":"Pudel - Hondenpension De Warande","og_description":"Pudel Ein Pudel ist ein fr\u00f6hlicher, anh\u00e4nglicher, intelligenter und treuer Hund voller Energie. Ze zijn erg gehecht aan hun baas of hun gezin. Sie sind sehr freundlich und verstehen sich in der Regel gut mit anderen Hunden. Sie k\u00f6nnen ein wenig wachsam sein, sind aber nicht aggressiv. Da der Pudel viel Energie hat, macht ihm [&hellip;]","og_url":"https:\/\/designerdogs.nl\/de\/pudel\/","og_site_name":"Hondenpension De Warande","article_modified_time":"2024-08-31T11:01:18+00:00","og_image":[{"url":"https:\/\/designerdogs.nl\/wp-content\/uploads\/2024\/08\/IMG_1438-1-1024x713.jpg","type":"","width":"","height":""}],"twitter_card":"summary_large_image","twitter_misc":{"Gesch\u00e4tzte Lesezeit":"2\u00a0Minuten"},"schema":{"@context":"https:\/\/schema.org","@graph":[{"@type":"WebPage","@id":"https:\/\/designerdogs.nl\/de\/pudel\/","url":"https:\/\/designerdogs.nl\/de\/pudel\/","name":"Pudel - Hondenpension De Warande","isPartOf":{"@id":"https:\/\/designerdogs.nl\/de\/#website"},"primaryImageOfPage":{"@id":"https:\/\/designerdogs.nl\/de\/pudel\/#primaryimage"},"image":{"@id":"https:\/\/designerdogs.nl\/de\/pudel\/#primaryimage"},"thumbnailUrl":"https:\/\/designerdogs.nl\/wp-content\/uploads\/2024\/08\/IMG_1438-1-1024x713.jpg","datePublished":"2021-02-16T08:06:52+00:00","dateModified":"2024-08-31T11:01:18+00:00","breadcrumb":{"@id":"https:\/\/designerdogs.nl\/de\/pudel\/#breadcrumb"},"inLanguage":"de","potentialAction":[{"@type":"ReadAction","target":["https:\/\/designerdogs.nl\/de\/pudel\/"]}]},{"@type":"ImageObject","inLanguage":"de","@id":"https:\/\/designerdogs.nl\/de\/pudel\/#primaryimage","url":"https:\/\/designerdogs.nl\/wp-content\/uploads\/2024\/08\/IMG_1438-1-1024x713.jpg","contentUrl":"https:\/\/designerdogs.nl\/wp-content\/uploads\/2024\/08\/IMG_1438-1-1024x713.jpg"},{"@type":"BreadcrumbList","@id":"https:\/\/designerdogs.nl\/de\/pudel\/#breadcrumb","itemListElement":[{"@type":"ListItem","position":1,"name":"Home","item":"https:\/\/designerdogs.nl\/de\/"},{"@type":"ListItem","position":2,"name":"Pudel"}]},{"@type":"WebSite","@id":"https:\/\/designerdogs.nl\/de\/#website","url":"https:\/\/designerdogs.nl\/de\/","name":"Hondenpension De Warande","description":"Cavapoo Cockapoo Maltipoo Boomiepoo Teckel Puppy&#039;s","publisher":{"@id":"https:\/\/designerdogs.nl\/de\/#organization"},"potentialAction":[{"@type":"SearchAction","target":{"@type":"EntryPoint","urlTemplate":"https:\/\/designerdogs.nl\/de\/?s={search_term_string}"},"query-input":{"@type":"PropertyValueSpecification","valueRequired":true,"valueName":"search_term_string"}}],"inLanguage":"de"},{"@type":"Organization","@id":"https:\/\/designerdogs.nl\/de\/#organization","name":"Hondenpension De Warande","url":"https:\/\/designerdogs.nl\/de\/","logo":{"@type":"ImageObject","inLanguage":"de","@id":"https:\/\/designerdogs.nl\/de\/#\/schema\/logo\/image\/","url":"https:\/\/designerdogs.nl\/wp-content\/uploads\/2020\/10\/delogo-hondenpension.png","contentUrl":"https:\/\/designerdogs.nl\/wp-content\/uploads\/2020\/10\/delogo-hondenpension.png","width":1728,"height":1091,"caption":"Hondenpension De Warande"},"image":{"@id":"https:\/\/designerdogs.nl\/de\/#\/schema\/logo\/image\/"}}]}},"_links":{"self":[{"href":"https:\/\/designerdogs.nl\/de\/wp-json\/wp\/v2\/pages\/8041","targetHints":{"allow":["GET"]}}],"collection":[{"href":"https:\/\/designerdogs.nl\/de\/wp-json\/wp\/v2\/pages"}],"about":[{"href":"https:\/\/designerdogs.nl\/de\/wp-json\/wp\/v2\/types\/page"}],"author":[{"embeddable":true,"href":"https:\/\/designerdogs.nl\/de\/wp-json\/wp\/v2\/users\/1"}],"replies":[{"embeddable":true,"href":"https:\/\/designerdogs.nl\/de\/wp-json\/wp\/v2\/comments?post=8041"}],"version-history":[{"count":4,"href":"https:\/\/designerdogs.nl\/de\/wp-json\/wp\/v2\/pages\/8041\/revisions"}],"predecessor-version":[{"id":17149,"href":"https:\/\/designerdogs.nl\/de\/wp-json\/wp\/v2\/pages\/8041\/revisions\/17149"}],"wp:attachment":[{"href":"https:\/\/designerdogs.nl\/de\/wp-json\/wp\/v2\/media?parent=8041"}],"curies":[{"name":"wp","href":"https:\/\/api.w.org\/{rel}","templated":true}]}}