{"id":8054,"date":"2022-07-22T13:37:48","date_gmt":"2022-07-22T13:37:48","guid":{"rendered":"https:\/\/designerdogs.nl\/havapoo-welpen-zu-verkaufen\/"},"modified":"2023-03-29T13:40:12","modified_gmt":"2023-03-29T13:40:12","slug":"havapoo-welpen-zu-verkaufen","status":"publish","type":"page","link":"https:\/\/designerdogs.nl\/de\/havapoo-welpen-zu-verkaufen\/","title":{"rendered":"Havapoo Welpen zu verkaufen"},"content":{"rendered":"\t\t<div data-elementor-type=\"wp-page\" data-elementor-id=\"8054\" class=\"elementor elementor-8054 elementor-2532\" data-elementor-post-type=\"page\">\n\t\t\t\t\t\t<section class=\"elementor-section elementor-top-section elementor-element elementor-element-4346e60 elementor-section-boxed elementor-section-height-default elementor-section-height-default\" data-id=\"4346e60\" data-element_type=\"section\" data-e-type=\"section\" data-settings=\"{&quot;background_background&quot;:&quot;classic&quot;}\">\n\t\t\t\t\t\t<div class=\"elementor-container elementor-column-gap-default\">\n\t\t\t\t\t<div class=\"elementor-column elementor-col-50 elementor-top-column elementor-element elementor-element-4bb8ad7\" data-id=\"4bb8ad7\" data-element_type=\"column\" data-e-type=\"column\" data-settings=\"{&quot;background_background&quot;:&quot;classic&quot;}\">\n\t\t\t<div class=\"elementor-widget-wrap elementor-element-populated\">\n\t\t\t\t\t\t<div class=\"elementor-element elementor-element-33b7b87 elementor-widget elementor-widget-image\" data-id=\"33b7b87\" data-element_type=\"widget\" data-e-type=\"widget\" data-widget_type=\"image.default\">\n\t\t\t\t<div class=\"elementor-widget-container\">\n\t\t\t\t\t\t\t\t\t\t\t\t\t\t\t<img fetchpriority=\"high\" decoding=\"async\" width=\"800\" height=\"509\" src=\"https:\/\/designerdogs.nl\/wp-content\/uploads\/2022\/07\/IMG_6141-1024x651.jpg\" class=\"attachment-large size-large wp-image-6247\" alt=\"\" srcset=\"https:\/\/designerdogs.nl\/wp-content\/uploads\/2022\/07\/IMG_6141-1024x651.jpg 1024w, https:\/\/designerdogs.nl\/wp-content\/uploads\/2022\/07\/IMG_6141-300x191.jpg 300w, https:\/\/designerdogs.nl\/wp-content\/uploads\/2022\/07\/IMG_6141-768x488.jpg 768w, https:\/\/designerdogs.nl\/wp-content\/uploads\/2022\/07\/IMG_6141-1536x976.jpg 1536w, https:\/\/designerdogs.nl\/wp-content\/uploads\/2022\/07\/IMG_6141-2048x1301.jpg 2048w\" sizes=\"(max-width: 800px) 100vw, 800px\" \/>\t\t\t\t\t\t\t\t\t\t\t\t\t\t\t<\/div>\n\t\t\t\t<\/div>\n\t\t\t\t\t<\/div>\n\t\t<\/div>\n\t\t\t\t<div class=\"elementor-column elementor-col-50 elementor-top-column elementor-element elementor-element-8cf769e\" data-id=\"8cf769e\" data-element_type=\"column\" data-e-type=\"column\">\n\t\t\t<div class=\"elementor-widget-wrap elementor-element-populated\">\n\t\t\t\t\t\t<div class=\"elementor-element elementor-element-699b53a elementor-widget elementor-widget-heading\" data-id=\"699b53a\" data-element_type=\"widget\" data-e-type=\"widget\" data-widget_type=\"heading.default\">\n\t\t\t\t<div class=\"elementor-widget-container\">\n\t\t\t\t\t<h1 class=\"elementor-heading-title elementor-size-default\">Havapoo<\/h1>\t\t\t\t<\/div>\n\t\t\t\t<\/div>\n\t\t\t\t<div class=\"elementor-element elementor-element-005ac5c elementor-widget-divider--view-line elementor-widget elementor-widget-divider\" data-id=\"005ac5c\" data-element_type=\"widget\" data-e-type=\"widget\" data-widget_type=\"divider.default\">\n\t\t\t\t<div class=\"elementor-widget-container\">\n\t\t\t\t\t\t\t<div class=\"elementor-divider\">\n\t\t\t<span class=\"elementor-divider-separator\">\n\t\t\t\t\t\t<\/span>\n\t\t<\/div>\n\t\t\t\t\t\t<\/div>\n\t\t\t\t<\/div>\n\t\t\t\t<div class=\"elementor-element elementor-element-dca0cb6 elementor-widget elementor-widget-text-editor\" data-id=\"dca0cb6\" data-element_type=\"widget\" data-e-type=\"widget\" data-widget_type=\"text-editor.default\">\n\t\t\t\t<div class=\"elementor-widget-container\">\n\t\t\t\t\t\t\t\t\t<p>Der &nbsp; Havapoo ist eine Kreuzung zwischen dem s\u00fc\u00dfen kleinen kubanischen Hund Havaneser und einem Zwergpudel. Wir z\u00fcchten die F1-Kombination, bei der die Mutter der Havanzer und der Vater der Pudel ist.<\/p>\n<p>Der Havannazer wird etwa 25 bis 30 cm hoch Das Gewicht betr\u00e4gt etwa 5 bis 8 Kilo.<\/p>\n<p>Der Havapoo ist klein und passt daher perfekt in die Wohnung, ist aber f\u00fcr jede Art von Familie geeignet, Singles, Paare, Gro\u00dffamilien, \u00e4ltere Menschen.<\/p>\n<p>Das Fell eines Havapoos ist mittellang oder lang. Es kann entweder gewellt oder gelockt sein, je nachdem, welcher Elternrasse der Havapoo am \u00e4hnlichsten ist.<br>Die Rasse haart nicht\/kaum und kann daher auch f\u00fcr Allergiker geeignet sein.<\/p>\n<p>Havapoo gibt es in vielen verschiedenen Farben. Dit kunnen effen kleuren zijn, tweekleuren of driekleuren. Dazu k\u00f6nnen geh\u00f6ren: Schwarz, wei\u00df, braun, apricot, schoko. <\/p>\n<p>Ein Havapoo ist sehr intelligent und leicht zu erziehen, er lernt schnell Kommandos und ist sehr entscheidungsfreudig. Sie sind nicht so hyperaktiv wie einige andere Hunde dieser Gr\u00f6\u00dfenkategorie. Sie sind nicht so hyperaktiv wie andere Hunde dieser Gr\u00f6\u00dfenkategorie, sind sehr freundlich und f\u00fchlen sich in einem liebevollen Zuhause am wohlsten. Da sie sehr lieb und zuverl\u00e4ssig sind, eignen sie sich nicht als Wachhunde. Sie haben nichts dagegen, wenn andere Hunde im Haus sind, sie kommen sogar gut mit Hunden und anderen Haustieren aus. Sie spielen sehr gerne und sind auch Kindern gegen\u00fcber sanft und liebevoll.<\/p>\t\t\t\t\t\t\t\t<\/div>\n\t\t\t\t<\/div>\n\t\t\t\t<div class=\"elementor-element elementor-element-2e27e7e elementor-widget__width-auto elementor-fixed elementor-widget elementor-widget-button\" data-id=\"2e27e7e\" data-element_type=\"widget\" data-e-type=\"widget\" data-settings=\"{&quot;_position&quot;:&quot;fixed&quot;}\" data-widget_type=\"button.default\">\n\t\t\t\t<div class=\"elementor-widget-container\">\n\t\t\t\t\t\t\t\t\t<div class=\"elementor-button-wrapper\">\n\t\t\t\t\t<a class=\"elementor-button elementor-button-link elementor-size-md elementor-animation-grow\" href=\"tel:+31620556586\">\n\t\t\t\t\t\t<span class=\"elementor-button-content-wrapper\">\n\t\t\t\t\t\t<span class=\"elementor-button-icon\">\n\t\t\t\t<i aria-hidden=\"true\" class=\"fas fa-phone\"><\/i>\t\t\t<\/span>\n\t\t\t\t\t\t\t\t\t<span class=\"elementor-button-text\">Rufen Sie mich an<\/span>\n\t\t\t\t\t<\/span>\n\t\t\t\t\t<\/a>\n\t\t\t\t<\/div>\n\t\t\t\t\t\t\t\t<\/div>\n\t\t\t\t<\/div>\n\t\t\t\t\t<\/div>\n\t\t<\/div>\n\t\t\t\t\t<\/div>\n\t\t<\/section>\n\t\t\t\t<\/div>\n\t\t","protected":false},"excerpt":{"rendered":"<p>Havapoo Der &nbsp; Havapoo ist eine Kreuzung zwischen dem s\u00fc\u00dfen kleinen kubanischen Hund Havaneser und einem Zwergpudel. Wir z\u00fcchten die F1-Kombination, bei der die Mutter der Havanzer und der Vater der Pudel ist. Der Havannazer wird etwa 25 bis 30 cm hoch Das Gewicht betr\u00e4gt etwa 5 bis 8 Kilo. Der Havapoo ist klein und [&hellip;]<\/p>\n","protected":false},"author":1,"featured_media":0,"parent":0,"menu_order":0,"comment_status":"closed","ping_status":"closed","template":"","meta":{"_acf_changed":false,"footnotes":""},"class_list":["post-8054","page","type-page","status-publish","hentry"],"acf":[],"yoast_head":"<!-- This site is optimized with the Yoast SEO plugin v27.2 - https:\/\/yoast.com\/product\/yoast-seo-wordpress\/ -->\n<title>Havapoo Welpen zu verkaufen - Hondenpension De Warande<\/title>\n<meta name=\"robots\" content=\"index, follow, max-snippet:-1, max-image-preview:large, max-video-preview:-1\" \/>\n<link rel=\"canonical\" href=\"https:\/\/designerdogs.nl\/de\/havapoo-welpen-zu-verkaufen\/\" \/>\n<meta property=\"og:locale\" content=\"de_DE\" \/>\n<meta property=\"og:type\" content=\"article\" \/>\n<meta property=\"og:title\" content=\"Havapoo Welpen zu verkaufen - Hondenpension De Warande\" \/>\n<meta property=\"og:description\" content=\"Havapoo Der &nbsp; Havapoo ist eine Kreuzung zwischen dem s\u00fc\u00dfen kleinen kubanischen Hund Havaneser und einem Zwergpudel. Wir z\u00fcchten die F1-Kombination, bei der die Mutter der Havanzer und der Vater der Pudel ist. Der Havannazer wird etwa 25 bis 30 cm hoch Das Gewicht betr\u00e4gt etwa 5 bis 8 Kilo. Der Havapoo ist klein und [&hellip;]\" \/>\n<meta property=\"og:url\" content=\"https:\/\/designerdogs.nl\/de\/havapoo-welpen-zu-verkaufen\/\" \/>\n<meta property=\"og:site_name\" content=\"Hondenpension De Warande\" \/>\n<meta property=\"article:modified_time\" content=\"2023-03-29T13:40:12+00:00\" \/>\n<meta property=\"og:image\" content=\"https:\/\/designerdogs.nl\/wp-content\/uploads\/2022\/07\/IMG_6141-1024x651.jpg\" \/>\n<meta name=\"twitter:card\" content=\"summary_large_image\" \/>\n<meta name=\"twitter:label1\" content=\"Gesch\u00e4tzte Lesezeit\" \/>\n\t<meta name=\"twitter:data1\" content=\"1\u00a0Minute\" \/>\n<script type=\"application\/ld+json\" class=\"yoast-schema-graph\">{\"@context\":\"https:\/\/schema.org\",\"@graph\":[{\"@type\":\"WebPage\",\"@id\":\"https:\/\/designerdogs.nl\/de\/havapoo-welpen-zu-verkaufen\/\",\"url\":\"https:\/\/designerdogs.nl\/de\/havapoo-welpen-zu-verkaufen\/\",\"name\":\"Havapoo Welpen zu verkaufen - Hondenpension De Warande\",\"isPartOf\":{\"@id\":\"https:\/\/designerdogs.nl\/de\/#website\"},\"primaryImageOfPage\":{\"@id\":\"https:\/\/designerdogs.nl\/de\/havapoo-welpen-zu-verkaufen\/#primaryimage\"},\"image\":{\"@id\":\"https:\/\/designerdogs.nl\/de\/havapoo-welpen-zu-verkaufen\/#primaryimage\"},\"thumbnailUrl\":\"https:\/\/designerdogs.nl\/wp-content\/uploads\/2022\/07\/IMG_6141-1024x651.jpg\",\"datePublished\":\"2022-07-22T13:37:48+00:00\",\"dateModified\":\"2023-03-29T13:40:12+00:00\",\"breadcrumb\":{\"@id\":\"https:\/\/designerdogs.nl\/de\/havapoo-welpen-zu-verkaufen\/#breadcrumb\"},\"inLanguage\":\"de\",\"potentialAction\":[{\"@type\":\"ReadAction\",\"target\":[\"https:\/\/designerdogs.nl\/de\/havapoo-welpen-zu-verkaufen\/\"]}]},{\"@type\":\"ImageObject\",\"inLanguage\":\"de\",\"@id\":\"https:\/\/designerdogs.nl\/de\/havapoo-welpen-zu-verkaufen\/#primaryimage\",\"url\":\"https:\/\/designerdogs.nl\/wp-content\/uploads\/2022\/07\/IMG_6141-1024x651.jpg\",\"contentUrl\":\"https:\/\/designerdogs.nl\/wp-content\/uploads\/2022\/07\/IMG_6141-1024x651.jpg\"},{\"@type\":\"BreadcrumbList\",\"@id\":\"https:\/\/designerdogs.nl\/de\/havapoo-welpen-zu-verkaufen\/#breadcrumb\",\"itemListElement\":[{\"@type\":\"ListItem\",\"position\":1,\"name\":\"Home\",\"item\":\"https:\/\/designerdogs.nl\/de\/\"},{\"@type\":\"ListItem\",\"position\":2,\"name\":\"Havapoo Welpen zu verkaufen\"}]},{\"@type\":\"WebSite\",\"@id\":\"https:\/\/designerdogs.nl\/de\/#website\",\"url\":\"https:\/\/designerdogs.nl\/de\/\",\"name\":\"Hondenpension De Warande\",\"description\":\"Cavapoo Cockapoo Maltipoo Boomiepoo Teckel Puppy&#039;s\",\"publisher\":{\"@id\":\"https:\/\/designerdogs.nl\/de\/#organization\"},\"potentialAction\":[{\"@type\":\"SearchAction\",\"target\":{\"@type\":\"EntryPoint\",\"urlTemplate\":\"https:\/\/designerdogs.nl\/de\/?s={search_term_string}\"},\"query-input\":{\"@type\":\"PropertyValueSpecification\",\"valueRequired\":true,\"valueName\":\"search_term_string\"}}],\"inLanguage\":\"de\"},{\"@type\":\"Organization\",\"@id\":\"https:\/\/designerdogs.nl\/de\/#organization\",\"name\":\"Hondenpension De Warande\",\"url\":\"https:\/\/designerdogs.nl\/de\/\",\"logo\":{\"@type\":\"ImageObject\",\"inLanguage\":\"de\",\"@id\":\"https:\/\/designerdogs.nl\/de\/#\/schema\/logo\/image\/\",\"url\":\"https:\/\/designerdogs.nl\/wp-content\/uploads\/2020\/10\/delogo-hondenpension.png\",\"contentUrl\":\"https:\/\/designerdogs.nl\/wp-content\/uploads\/2020\/10\/delogo-hondenpension.png\",\"width\":1728,\"height\":1091,\"caption\":\"Hondenpension De Warande\"},\"image\":{\"@id\":\"https:\/\/designerdogs.nl\/de\/#\/schema\/logo\/image\/\"}}]}<\/script>\n<!-- \/ Yoast SEO plugin. -->","yoast_head_json":{"title":"Havapoo Welpen zu verkaufen - Hondenpension De Warande","robots":{"index":"index","follow":"follow","max-snippet":"max-snippet:-1","max-image-preview":"max-image-preview:large","max-video-preview":"max-video-preview:-1"},"canonical":"https:\/\/designerdogs.nl\/de\/havapoo-welpen-zu-verkaufen\/","og_locale":"de_DE","og_type":"article","og_title":"Havapoo Welpen zu verkaufen - Hondenpension De Warande","og_description":"Havapoo Der &nbsp; Havapoo ist eine Kreuzung zwischen dem s\u00fc\u00dfen kleinen kubanischen Hund Havaneser und einem Zwergpudel. Wir z\u00fcchten die F1-Kombination, bei der die Mutter der Havanzer und der Vater der Pudel ist. Der Havannazer wird etwa 25 bis 30 cm hoch Das Gewicht betr\u00e4gt etwa 5 bis 8 Kilo. Der Havapoo ist klein und [&hellip;]","og_url":"https:\/\/designerdogs.nl\/de\/havapoo-welpen-zu-verkaufen\/","og_site_name":"Hondenpension De Warande","article_modified_time":"2023-03-29T13:40:12+00:00","og_image":[{"url":"https:\/\/designerdogs.nl\/wp-content\/uploads\/2022\/07\/IMG_6141-1024x651.jpg","type":"","width":"","height":""}],"twitter_card":"summary_large_image","twitter_misc":{"Gesch\u00e4tzte Lesezeit":"1\u00a0Minute"},"schema":{"@context":"https:\/\/schema.org","@graph":[{"@type":"WebPage","@id":"https:\/\/designerdogs.nl\/de\/havapoo-welpen-zu-verkaufen\/","url":"https:\/\/designerdogs.nl\/de\/havapoo-welpen-zu-verkaufen\/","name":"Havapoo Welpen zu verkaufen - Hondenpension De Warande","isPartOf":{"@id":"https:\/\/designerdogs.nl\/de\/#website"},"primaryImageOfPage":{"@id":"https:\/\/designerdogs.nl\/de\/havapoo-welpen-zu-verkaufen\/#primaryimage"},"image":{"@id":"https:\/\/designerdogs.nl\/de\/havapoo-welpen-zu-verkaufen\/#primaryimage"},"thumbnailUrl":"https:\/\/designerdogs.nl\/wp-content\/uploads\/2022\/07\/IMG_6141-1024x651.jpg","datePublished":"2022-07-22T13:37:48+00:00","dateModified":"2023-03-29T13:40:12+00:00","breadcrumb":{"@id":"https:\/\/designerdogs.nl\/de\/havapoo-welpen-zu-verkaufen\/#breadcrumb"},"inLanguage":"de","potentialAction":[{"@type":"ReadAction","target":["https:\/\/designerdogs.nl\/de\/havapoo-welpen-zu-verkaufen\/"]}]},{"@type":"ImageObject","inLanguage":"de","@id":"https:\/\/designerdogs.nl\/de\/havapoo-welpen-zu-verkaufen\/#primaryimage","url":"https:\/\/designerdogs.nl\/wp-content\/uploads\/2022\/07\/IMG_6141-1024x651.jpg","contentUrl":"https:\/\/designerdogs.nl\/wp-content\/uploads\/2022\/07\/IMG_6141-1024x651.jpg"},{"@type":"BreadcrumbList","@id":"https:\/\/designerdogs.nl\/de\/havapoo-welpen-zu-verkaufen\/#breadcrumb","itemListElement":[{"@type":"ListItem","position":1,"name":"Home","item":"https:\/\/designerdogs.nl\/de\/"},{"@type":"ListItem","position":2,"name":"Havapoo Welpen zu verkaufen"}]},{"@type":"WebSite","@id":"https:\/\/designerdogs.nl\/de\/#website","url":"https:\/\/designerdogs.nl\/de\/","name":"Hondenpension De Warande","description":"Cavapoo Cockapoo Maltipoo Boomiepoo Teckel Puppy&#039;s","publisher":{"@id":"https:\/\/designerdogs.nl\/de\/#organization"},"potentialAction":[{"@type":"SearchAction","target":{"@type":"EntryPoint","urlTemplate":"https:\/\/designerdogs.nl\/de\/?s={search_term_string}"},"query-input":{"@type":"PropertyValueSpecification","valueRequired":true,"valueName":"search_term_string"}}],"inLanguage":"de"},{"@type":"Organization","@id":"https:\/\/designerdogs.nl\/de\/#organization","name":"Hondenpension De Warande","url":"https:\/\/designerdogs.nl\/de\/","logo":{"@type":"ImageObject","inLanguage":"de","@id":"https:\/\/designerdogs.nl\/de\/#\/schema\/logo\/image\/","url":"https:\/\/designerdogs.nl\/wp-content\/uploads\/2020\/10\/delogo-hondenpension.png","contentUrl":"https:\/\/designerdogs.nl\/wp-content\/uploads\/2020\/10\/delogo-hondenpension.png","width":1728,"height":1091,"caption":"Hondenpension De Warande"},"image":{"@id":"https:\/\/designerdogs.nl\/de\/#\/schema\/logo\/image\/"}}]}},"_links":{"self":[{"href":"https:\/\/designerdogs.nl\/de\/wp-json\/wp\/v2\/pages\/8054","targetHints":{"allow":["GET"]}}],"collection":[{"href":"https:\/\/designerdogs.nl\/de\/wp-json\/wp\/v2\/pages"}],"about":[{"href":"https:\/\/designerdogs.nl\/de\/wp-json\/wp\/v2\/types\/page"}],"author":[{"embeddable":true,"href":"https:\/\/designerdogs.nl\/de\/wp-json\/wp\/v2\/users\/1"}],"replies":[{"embeddable":true,"href":"https:\/\/designerdogs.nl\/de\/wp-json\/wp\/v2\/comments?post=8054"}],"version-history":[{"count":3,"href":"https:\/\/designerdogs.nl\/de\/wp-json\/wp\/v2\/pages\/8054\/revisions"}],"predecessor-version":[{"id":8393,"href":"https:\/\/designerdogs.nl\/de\/wp-json\/wp\/v2\/pages\/8054\/revisions\/8393"}],"wp:attachment":[{"href":"https:\/\/designerdogs.nl\/de\/wp-json\/wp\/v2\/media?parent=8054"}],"curies":[{"name":"wp","href":"https:\/\/api.w.org\/{rel}","templated":true}]}}